{"id":43358,"date":"2022-08-19T22:32:38","date_gmt":"2022-08-19T22:32:38","guid":{"rendered":"https:\/\/medmal.com.tr\/product\/isik-konik-dis-implanti\/"},"modified":"2022-08-19T22:32:38","modified_gmt":"2022-08-19T22:32:38","slug":"isik","status":"publish","type":"product","link":"https:\/\/medmal.com.tr\/tr\/product\/isik\/","title":{"rendered":"I\u015f\u0131k &#8211; Konik di\u015f implant\u0131"},"content":{"rendered":"<div class=\"row\">\n<div class=\"large-12 columns margin-bottom-10\">\n<div class=\"sc-1a7juzs-0 kmmnYk sc-1w8z6ht-5 cBFfGP\" data-cy=\"\">\n<div class=\"sc-1a7juzs-1 fFDaJv TileInset\">\n<div class=\"sc-3fi1by-1 chZLCL\">\n<div class=\"sc-3fi1by-0 hlEuXW\">\n<div class=\"sc-1a7juzs-0 kmmnYk sc-1w8z6ht-5 cBFfGP\" data-cy=\"\">\n<div class=\"sc-1a7juzs-1 fFDaJv TileInset\">\n<div class=\"sc-3fi1by-1 chZLCL\">\n<div class=\"sc-3fi1by-0 hlEuXW\">\n<div class=\"sc-1a7juzs-0 kmmnYk sc-1w8z6ht-5 cBFfGP\" data-cy=\"\">\n<div class=\"sc-1a7juzs-1 fFDaJv TileInset\">\n<div class=\"sc-3fi1by-1 chZLCL\">\n<div class=\"sc-3fi1by-0 hlEuXW\">\n<div class=\"sc-1a7juzs-0 kmmnYk sc-1w8z6ht-5 cBFfGP\" data-cy=\"\">\n<div class=\"sc-1a7juzs-1 fFDaJv TileInset\">\n<div class=\"sc-3fi1by-1 chZLCL\">\n<div class=\"sc-3fi1by-0 hlEuXW\">\n<h2>HAFIF &#8211; HAFIF, SA\u011eLAM, G\u00dcVENLI<\/h2>\n<h3>KORUMA VE I\u0307STI\u0307KRAR<\/h3>\n<p>A\u015famal\u0131 spiral, atravmatik kendinden di\u015f a\u00e7ma ile artan bir hatveye sahiptir. Kemik hasar\u0131 riskini \u00f6nleyerek h\u0131zl\u0131 bir \u015fekilde oturur. Kemi\u011fin kompaktl\u0131\u011f\u0131 korunur, \u00e7\u00fcnk\u00fc kemik a\u015f\u0131r\u0131 \u0131s\u0131nmadan m\u00fckemmel stabilite elde etmek i\u00e7in optimum kendi kendine di\u015f a\u00e7ma elde etmek i\u00e7in birka\u00e7 vidalama yeterlidir. Hafif\u00e7e ters \u00e7evrilmi\u015f boyun, kortikal alan\u0131n nefes almas\u0131n\u0131 ve elastikiyetinden yararlanarak fikst\u00fcr\u00fcn minimal invaziv ge\u00e7i\u015finden kaynaklanan bo\u015flu\u011fu telafi etmesini sa\u011flar. Do\u011fal olarak olu\u015facak p\u0131ht\u0131n\u0131n \u00e7evresi, diren\u00e7li bir kemik matrisi (kallus) olarak kendini yenileyecek ve gelecekte peri-implantite neden olabilecek V \u015feklindeki rezorpsiyonlar\u0131 \u00f6nleyecektir.<\/p>\n<h3>MED\u00dcLLER B\u00d6LGEDE ARTMI\u015e PRIMER STABILITE<\/h3>\n<p>Yuvarlat\u0131lm\u0131\u015f ve \u015fekillendirilmi\u015f apeks, anatomik s\u0131n\u0131rlara uygun olarak kendi kendini merkezleyerek implant\u0131n optimum \u015fekilde konumland\u0131r\u0131lmas\u0131na yard\u0131mc\u0131 olur. Spiral ilerlemenin konik profili, dehisens alanlar\u0131nda bile fenestrasyon riskini \u00f6nler ve med\u00fcller yap\u0131n\u0131n trabek\u00fcler mikrosirk\u00fclasyonuna sayg\u0131 g\u00f6sterirken (c\u0131l\u0131z \u00e7apak alma sayesinde) ilerleyen alan\u0131n canl\u0131 kalmas\u0131n\u0131 sa\u011flayan bir geni\u015fleme olu\u015fturur.<\/p>\n<p>\u0130nce ve keskin tepeden ba\u015flayan ayn\u0131 spiral, implant g\u00f6vdesinin geni\u015flemesi nedeniyle bir d\u00f6n\u00fc\u015f\u00fcme u\u011frar, yani \u015fekil de\u011fi\u015ftirir, daha agresif hale gelmeden kal\u0131nla\u015f\u0131r. Olu\u015fturulan bas\u0131n\u00e7, daha sonra servikal mikro spiraller ile de\u011fi\u015ftirilen de\u011fi\u015fken stabiliteye izin verir. Light implant, t\u00fcm NSI protez serisiyle uyumlu tek bir ba\u011flant\u0131ya sahiptir. Tolerans\u0131 10 mikrondur ve 45\u00b0 konometrik yaka ba\u011flant\u0131s\u0131na sahiptir.<\/p>\n<\/div>\n<\/div>\n<\/div>\n<\/div>\n<\/div>\n<\/div>\n<\/div>\n<\/div>\n<\/div>\n<\/div>\n<\/div>\n<\/div>\n<\/div>\n<\/div>\n<\/div>\n<\/div>\n<\/div>\n<\/div>\n","protected":false},"excerpt":{"rendered":"<p><strong>HAFIF &#8211; HAFIF, SA\u011eLAM, G\u00dcVENLI<\/strong><br \/>\nA\u015famal\u0131 spiral, atravmatik kendinden di\u015f a\u00e7ma ile artan bir hatveye sahiptir. Kemik hasar\u0131 riskini \u00f6nleyerek h\u0131zl\u0131 bir \u015fekilde oturur. Kemi\u011fin kompaktl\u0131\u011f\u0131 korunur, \u00e7\u00fcnk\u00fc kemik a\u015f\u0131r\u0131 \u0131s\u0131nmadan m\u00fckemmel stabilite elde etmek i\u00e7in optimum kendi kendine di\u015f a\u00e7ma elde etmek i\u00e7in birka\u00e7 vidalama yeterlidir. Hafif\u00e7e ters \u00e7evrilmi\u015f boyun, kortikal alan\u0131n nefes almas\u0131n\u0131 ve elastikiyetinden yararlanarak fikst\u00fcr\u00fcn minimal invaziv ge\u00e7i\u015finden kaynaklanan bo\u015flu\u011fu telafi etmesini sa\u011flar. Do\u011fal olarak olu\u015facak p\u0131ht\u0131n\u0131n \u00e7evresi, diren\u00e7li bir kemik matrisi (kallus) olarak kendini yenileyecek ve gelecekte peri-implantite neden olabilecek V \u015feklindeki rezorpsiyonlar\u0131 \u00f6nleyecektir<\/p>\n","protected":false},"featured_media":23010,"comment_status":"closed","ping_status":"closed","template":"","meta":[],"product_brand":[],"product_cat":[388],"product_tag":[325,391,324],"class_list":{"0":"post-43358","1":"product","2":"type-product","3":"status-publish","4":"has-post-thumbnail","6":"product_cat-implantlar","7":"product_tag-dis","8":"product_tag-spiral-tr","9":"product_tag-titanyum","11":"first","12":"instock","13":"shipping-taxable","14":"product-type-simple"},"_links":{"self":[{"href":"https:\/\/medmal.com.tr\/tr\/wp-json\/wp\/v2\/product\/43358","targetHints":{"allow":["GET"]}}],"collection":[{"href":"https:\/\/medmal.com.tr\/tr\/wp-json\/wp\/v2\/product"}],"about":[{"href":"https:\/\/medmal.com.tr\/tr\/wp-json\/wp\/v2\/types\/product"}],"replies":[{"embeddable":true,"href":"https:\/\/medmal.com.tr\/tr\/wp-json\/wp\/v2\/comments?post=43358"}],"wp:featuredmedia":[{"embeddable":true,"href":"https:\/\/medmal.com.tr\/tr\/wp-json\/wp\/v2\/media\/23010"}],"wp:attachment":[{"href":"https:\/\/medmal.com.tr\/tr\/wp-json\/wp\/v2\/media?parent=43358"}],"wp:term":[{"taxonomy":"product_brand","embeddable":true,"href":"https:\/\/medmal.com.tr\/tr\/wp-json\/wp\/v2\/product_brand?post=43358"},{"taxonomy":"product_cat","embeddable":true,"href":"https:\/\/medmal.com.tr\/tr\/wp-json\/wp\/v2\/product_cat?post=43358"},{"taxonomy":"product_tag","embeddable":true,"href":"https:\/\/medmal.com.tr\/tr\/wp-json\/wp\/v2\/product_tag?post=43358"}],"curies":[{"name":"wp","href":"https:\/\/api.w.org\/{rel}","templated":true}]}}