{"id":43329,"date":"2022-09-03T21:39:31","date_gmt":"2022-09-03T21:39:31","guid":{"rendered":"https:\/\/medmal.com.tr\/product\/matkap-ucu-dental-implantoloji\/"},"modified":"2022-09-03T21:39:31","modified_gmt":"2022-09-03T21:39:31","slug":"matkap-ucu","status":"publish","type":"product","link":"https:\/\/medmal.com.tr\/tr\/product\/matkap-ucu\/","title":{"rendered":"Matkap Ucu &#8211; Dental implantoloji"},"content":{"rendered":"<div class=\"row\">\n<div class=\"large-12 columns margin-bottom-10\">\n<div class=\"sc-1a7juzs-0 kmmnYk sc-1w8z6ht-5 cBFfGP\" data-cy=\"\">\n<div class=\"sc-1a7juzs-1 fFDaJv TileInset\">\n<div class=\"sc-3fi1by-1 chZLCL\">\n<div class=\"sc-3fi1by-0 hlEuXW\">\n<div class=\"sc-1a7juzs-0 kmmnYk sc-1w8z6ht-5 cBFfGP\" data-cy=\"\">\n<div class=\"sc-1a7juzs-1 fFDaJv TileInset\">\n<div class=\"sc-3fi1by-1 chZLCL\">\n<div class=\"sc-3fi1by-0 hlEuXW\">\n<div class=\"sc-1a7juzs-0 kmmnYk sc-1w8z6ht-5 cBFfGP\" data-cy=\"\">\n<div class=\"sc-1a7juzs-1 fFDaJv TileInset\">\n<div class=\"sc-3fi1by-1 chZLCL\">\n<div class=\"sc-3fi1by-0 hlEuXW\">\n<div class=\"sc-1a7juzs-0 kmmnYk sc-1w8z6ht-5 cBFfGP\" data-cy=\"\">\n<div class=\"sc-1a7juzs-1 fFDaJv TileInset\">\n<div class=\"sc-3fi1by-1 chZLCL\">\n<div class=\"sc-3fi1by-0 hlEuXW\">\n<div class=\"sc-1a7juzs-0 kmmnYk sc-1w8z6ht-5 cBFfGP\" data-cy=\"\">\n<div class=\"sc-1a7juzs-1 fFDaJv TileInset\">\n<div class=\"sc-3fi1by-1 chZLCL\">\n<div class=\"sc-3fi1by-0 hlEuXW\">\n<div class=\"sc-1a7juzs-0 kmmnYk sc-1w8z6ht-5 cBFfGP\" data-cy=\"\">\n<div class=\"sc-1a7juzs-1 fFDaJv TileInset\">\n<div class=\"sc-3fi1by-1 chZLCL\">\n<h2 class=\"sc-3fi1by-0 hlEuXW\">\u0130mplantoloji i\u00e7in \u00fcniversal matkap.<\/h2>\n<div class=\"sc-3fi1by-0 hlEuXW\">Klasik implantoloji i\u00e7in matkap boyutlar\u0131:<\/div>\n<ul>\n<li class=\"sc-3fi1by-0 hlEuXW\">2,8 mm, uzunluk 19 mm<\/li>\n<li class=\"sc-3fi1by-0 hlEuXW\">3,4 mm, uzunluk 19 mm<\/li>\n<li class=\"sc-3fi1by-0 hlEuXW\">3,8 mm, uzunluk 19 mm<\/li>\n<li class=\"sc-3fi1by-0 hlEuXW\">4,5 mm, uzunluk 19 mm<\/li>\n<\/ul>\n<div class=\"sc-3fi1by-0 hlEuXW\">AISI 630 (174 PH) medikal \u00e7elikten imal edilmi\u015ftir. Lazer referans i\u015faretleri ve derinlik durdurucular\u0131. Cerrahi implantoloji i\u00e7in idealdir.<\/div>\n<\/div>\n<\/div>\n<\/div>\n<\/div>\n<\/div>\n<\/div>\n<\/div>\n<\/div>\n<\/div>\n<\/div>\n<\/div>\n<\/div>\n<\/div>\n<\/div>\n<\/div>\n<\/div>\n<\/div>\n<\/div>\n<\/div>\n<\/div>\n<\/div>\n<\/div>\n<\/div>\n<\/div>\n<\/div>\n","protected":false},"excerpt":{"rendered":"<p class=\"sc-3fi1by-0 hlEuXW\"><strong>\u0130mplantoloji i\u00e7in \u00fcniversal matkap.<\/strong><\/p>\n<p>AISI 630 (174 PH) medikal \u00e7elikten imal edilmi\u015ftir. Lazer referans i\u015faretleri ve derinlik durdurucular\u0131. Cerrahi implantoloji i\u00e7in idealdir.<\/p>\n","protected":false},"featured_media":23062,"comment_status":"closed","ping_status":"closed","template":"","meta":[],"product_brand":[],"product_cat":[340],"product_tag":[343,354,345],"class_list":{"0":"post-43329","1":"product","2":"type-product","3":"status-publish","4":"has-post-thumbnail","6":"product_cat-matkaplar","7":"product_tag-kesme","8":"product_tag-konik","9":"product_tag-metalik","11":"first","12":"instock","13":"shipping-taxable","14":"product-type-simple"},"_links":{"self":[{"href":"https:\/\/medmal.com.tr\/tr\/wp-json\/wp\/v2\/product\/43329","targetHints":{"allow":["GET"]}}],"collection":[{"href":"https:\/\/medmal.com.tr\/tr\/wp-json\/wp\/v2\/product"}],"about":[{"href":"https:\/\/medmal.com.tr\/tr\/wp-json\/wp\/v2\/types\/product"}],"replies":[{"embeddable":true,"href":"https:\/\/medmal.com.tr\/tr\/wp-json\/wp\/v2\/comments?post=43329"}],"wp:featuredmedia":[{"embeddable":true,"href":"https:\/\/medmal.com.tr\/tr\/wp-json\/wp\/v2\/media\/23062"}],"wp:attachment":[{"href":"https:\/\/medmal.com.tr\/tr\/wp-json\/wp\/v2\/media?parent=43329"}],"wp:term":[{"taxonomy":"product_brand","embeddable":true,"href":"https:\/\/medmal.com.tr\/tr\/wp-json\/wp\/v2\/product_brand?post=43329"},{"taxonomy":"product_cat","embeddable":true,"href":"https:\/\/medmal.com.tr\/tr\/wp-json\/wp\/v2\/product_cat?post=43329"},{"taxonomy":"product_tag","embeddable":true,"href":"https:\/\/medmal.com.tr\/tr\/wp-json\/wp\/v2\/product_tag?post=43329"}],"curies":[{"name":"wp","href":"https:\/\/api.w.org\/{rel}","templated":true}]}}