{"id":43314,"date":"2022-08-19T11:48:05","date_gmt":"2022-08-19T11:48:05","guid":{"rendered":"https:\/\/medmal.com.tr\/product\/abutmentler-titanyum-implant-abutmenti\/"},"modified":"2022-08-19T11:48:05","modified_gmt":"2022-08-19T11:48:05","slug":"dayanaklar","status":"publish","type":"product","link":"https:\/\/medmal.com.tr\/tr\/product\/dayanaklar\/","title":{"rendered":"Abutmentler &#8211; Titanyum implant abutmenti"},"content":{"rendered":"<div class=\"row\">\n<div class=\"large-12 columns margin-bottom-10\">\n<div class=\"sc-1a7juzs-0 kmmnYk sc-1w8z6ht-5 cBFfGP\" data-cy=\"\">\n<div class=\"sc-1a7juzs-1 fFDaJv TileInset\">\n<div class=\"sc-3fi1by-1 chZLCL\">\n<div class=\"sc-3fi1by-0 hlEuXW\">\n<div class=\"sc-1a7juzs-0 kmmnYk sc-1w8z6ht-5 cBFfGP\" data-cy=\"\">\n<div class=\"sc-1a7juzs-1 fFDaJv TileInset\">\n<div class=\"sc-3fi1by-1 chZLCL\">\n<div class=\"sc-3fi1by-0 hlEuXW\">\n<div class=\"sc-1a7juzs-0 kmmnYk sc-1w8z6ht-5 cBFfGP\" data-cy=\"\">\n<div class=\"sc-1a7juzs-1 fFDaJv TileInset\">\n<div class=\"sc-3fi1by-1 chZLCL\">\n<div class=\"sc-3fi1by-0 hlEuXW\">\n<div class=\"sc-1a7juzs-0 kmmnYk sc-1w8z6ht-5 cBFfGP\" data-cy=\"\">\n<div class=\"sc-1a7juzs-1 fFDaJv TileInset\">\n<div class=\"sc-3fi1by-1 chZLCL\">\n<div class=\"sc-3fi1by-0 hlEuXW\">\n<div class=\"sc-1a7juzs-0 kmmnYk sc-1w8z6ht-5 cBFfGP\" data-cy=\"\">\n<div class=\"sc-1a7juzs-1 fFDaJv TileInset\">\n<div class=\"sc-3fi1by-1 chZLCL\">\n<div class=\"sc-3fi1by-0 hlEuXW\">\n<div class=\"sc-1a7juzs-0 kmmnYk sc-1w8z6ht-5 cBFfGP\" data-cy=\"\">\n<div class=\"sc-1a7juzs-1 fFDaJv TileInset\">\n<div class=\"sc-3fi1by-1 chZLCL\">\n<h2 class=\"sc-3fi1by-0 hlEuXW\">NSI PROTEZLERI\u0307<\/h2>\n<p class=\"sc-3fi1by-0 hlEuXW\"><strong>Her ihtiya\u00e7 i\u00e7in do\u011fru \u00e7\u00f6z\u00fcm.<\/strong><\/p>\n<div><\/div>\n<div class=\"sc-3fi1by-0 hlEuXW\">Listedeki t\u00fcm protez ba\u011flant\u0131lar\u0131 Titanyum Ti \u00b0 5&#8217;ten yap\u0131lm\u0131\u015ft\u0131r ve ayn\u0131 vida ba\u011flant\u0131s\u0131n\u0131 kullan\u0131r.<\/div>\n<div class=\"sc-3fi1by-0 hlEuXW\">Ge\u00e7i\u015f vidas\u0131 ve implant sabitlemesi i\u00e7in alt\u0131gen kesitli tek ba\u011flant\u0131<\/div>\n<ul>\n<li class=\"sc-3fi1by-0 hlEuXW\">T\u00fcm implant \u00e7aplar\u0131 i\u00e7in tek ba\u011flant\u0131 boyutu<\/li>\n<li class=\"sc-3fi1by-0 hlEuXW\">\u00d6zel anatomik profil<\/li>\n<li class=\"sc-3fi1by-0 hlEuXW\">Patentli MUA kiti<\/li>\n<\/ul>\n<p>Mevcut dayanaklar d\u00fcz, frezelenmi\u015f, a\u00e7\u0131l\u0131 ve hareketli protezler i\u00e7in bilye ba\u015fl\u0131 olabilir.<\/p>\n<\/div>\n<\/div>\n<\/div>\n<\/div>\n<\/div>\n<\/div>\n<\/div>\n<\/div>\n<\/div>\n<\/div>\n<\/div>\n<\/div>\n<\/div>\n<\/div>\n<\/div>\n<\/div>\n<\/div>\n<\/div>\n<\/div>\n<\/div>\n<\/div>\n<\/div>\n<\/div>\n<\/div>\n<\/div>\n","protected":false},"excerpt":{"rendered":"<p class=\"sc-3fi1by-0 hlEuXW\"><strong>NSI PROTEZLERI\u0307<\/strong><\/p>\n<p class=\"sc-3fi1by-0 hlEuXW\"><strong>Her ihtiya\u00e7 i\u00e7in do\u011fru \u00e7\u00f6z\u00fcm.<\/strong><\/p>\n<div class=\"sc-3fi1by-0 hlEuXW\">Listedeki t\u00fcm protez ba\u011flant\u0131lar\u0131 Titanyum Ti \u00b0 5&#8217;ten yap\u0131lm\u0131\u015ft\u0131r ve ayn\u0131 vida ba\u011flant\u0131s\u0131n\u0131 kullan\u0131r.<\/div>\n<div class=\"sc-3fi1by-0 hlEuXW\">Ge\u00e7me vidas\u0131 ve implant sabitlemesi i\u00e7in alt\u0131gen kesitli tek ba\u011flant\u0131<\/div>\n","protected":false},"featured_media":23042,"comment_status":"closed","ping_status":"closed","template":"","meta":[],"product_brand":[],"product_cat":[407],"product_tag":[408,362,405],"class_list":{"0":"post-43314","1":"product","2":"type-product","3":"status-publish","4":"has-post-thumbnail","6":"product_cat-protezler","7":"product_tag-acili","8":"product_tag-duz","9":"product_tag-ic-altigen","11":"first","12":"instock","13":"shipping-taxable","14":"product-type-simple"},"_links":{"self":[{"href":"https:\/\/medmal.com.tr\/tr\/wp-json\/wp\/v2\/product\/43314","targetHints":{"allow":["GET"]}}],"collection":[{"href":"https:\/\/medmal.com.tr\/tr\/wp-json\/wp\/v2\/product"}],"about":[{"href":"https:\/\/medmal.com.tr\/tr\/wp-json\/wp\/v2\/types\/product"}],"replies":[{"embeddable":true,"href":"https:\/\/medmal.com.tr\/tr\/wp-json\/wp\/v2\/comments?post=43314"}],"wp:featuredmedia":[{"embeddable":true,"href":"https:\/\/medmal.com.tr\/tr\/wp-json\/wp\/v2\/media\/23042"}],"wp:attachment":[{"href":"https:\/\/medmal.com.tr\/tr\/wp-json\/wp\/v2\/media?parent=43314"}],"wp:term":[{"taxonomy":"product_brand","embeddable":true,"href":"https:\/\/medmal.com.tr\/tr\/wp-json\/wp\/v2\/product_brand?post=43314"},{"taxonomy":"product_cat","embeddable":true,"href":"https:\/\/medmal.com.tr\/tr\/wp-json\/wp\/v2\/product_cat?post=43314"},{"taxonomy":"product_tag","embeddable":true,"href":"https:\/\/medmal.com.tr\/tr\/wp-json\/wp\/v2\/product_tag?post=43314"}],"curies":[{"name":"wp","href":"https:\/\/api.w.org\/{rel}","templated":true}]}}