{"id":43292,"date":"2022-08-30T23:43:43","date_gmt":"2022-08-30T23:43:43","guid":{"rendered":"https:\/\/medmal.com.tr\/product\/tam-paket-yeni-maunt-konik-dis-implanti\/"},"modified":"2022-08-30T23:43:43","modified_gmt":"2022-08-30T23:43:43","slug":"full-pack-new-maunt-2","status":"publish","type":"product","link":"https:\/\/medmal.com.tr\/tr\/product\/full-pack-new-maunt-2\/","title":{"rendered":"Tam Paket Yeni Maunt &#8211; Konik di\u015f implant\u0131"},"content":{"rendered":"<div class=\"row\">\n<div class=\"large-12 columns margin-bottom-10\">\n<div class=\"sc-1a7juzs-0 kmmnYk sc-1w8z6ht-5 cBFfGP\" data-cy=\"\">\n<div class=\"sc-1a7juzs-1 fFDaJv TileInset\">\n<div class=\"sc-3fi1by-1 chZLCL\">\n<div class=\"sc-3fi1by-0 hlEuXW\">\n<div class=\"sc-1a7juzs-0 kmmnYk sc-1w8z6ht-5 cBFfGP\" data-cy=\"\">\n<div class=\"sc-1a7juzs-1 fFDaJv TileInset\">\n<div class=\"sc-3fi1by-1 chZLCL\">\n<div class=\"sc-3fi1by-0 hlEuXW\">\n<div class=\"sc-1a7juzs-0 kmmnYk sc-1w8z6ht-5 cBFfGP\" data-cy=\"\">\n<div class=\"sc-1a7juzs-1 fFDaJv TileInset\">\n<div class=\"sc-3fi1by-1 chZLCL\">\n<div class=\"sc-3fi1by-0 hlEuXW\">\n<div class=\"sc-1a7juzs-0 kmmnYk sc-1w8z6ht-5 cBFfGP\" data-cy=\"\">\n<div class=\"sc-1a7juzs-1 fFDaJv TileInset\">\n<div class=\"sc-3fi1by-1 chZLCL\">\n<div class=\"sc-3fi1by-0 hlEuXW\">\n<div class=\"sc-1a7juzs-0 kmmnYk sc-1w8z6ht-5 cBFfGP\" data-cy=\"\">\n<div class=\"sc-1a7juzs-1 fFDaJv TileInset\">\n<div class=\"sc-3fi1by-1 chZLCL\">\n<div class=\"sc-3fi1by-0 hlEuXW\">\n<div class=\"sc-1a7juzs-0 kmmnYk sc-1w8z6ht-5 cBFfGP\" data-cy=\"\">\n<div class=\"sc-1a7juzs-1 fFDaJv TileInset\">\n<div class=\"sc-3fi1by-1 chZLCL\">\n<div class=\"sc-3fi1by-0 hlEuXW\">\n<div class=\"sc-1a7juzs-0 kmmnYk sc-1w8z6ht-5 cBFfGP\" data-cy=\"\">\n<div class=\"sc-1a7juzs-1 fFDaJv TileInset\">\n<div class=\"sc-3fi1by-1 chZLCL\">\n<div class=\"sc-3fi1by-0 hlEuXW\"><strong>Full Pack New Maunt<\/strong>, analog ve transferi tek bir elemanda birle\u015ftiren ancak ayr\u0131labilir \u00f6zel sistemiyle yeni bir kullan\u0131m kolayl\u0131\u011f\u0131 ve diren\u00e7 seviyesine \u00f6nc\u00fcl\u00fck ediyor.<\/div>\n<div><\/div>\n<div class=\"sc-3fi1by-0 hlEuXW\">S\u00f6z konusu bulu\u015f patenti, iki eleman\u0131n sadece programlanm\u0131\u015f belirli bir k\u0131r\u0131lma noktas\u0131nda k\u0131r\u0131larak ayr\u0131lmas\u0131na ve doktorun \u00f6l\u00e7\u00fcy\u00fc hemen almas\u0131na olanak tan\u0131r.<\/div>\n<ul>\n<li class=\"sc-3fi1by-0 hlEuXW\">An\u0131nda y\u00fckleme i\u00e7in ideal<\/li>\n<li class=\"sc-3fi1by-0 hlEuXW\">Ek \u00fccret \u00f6demeden do\u011frudan protez tekni\u011fi<\/li>\n<li class=\"sc-3fi1by-0 hlEuXW\">A\u011f\u0131z i\u00e7i dijital \u00f6l\u00e7\u00fc teknikleri i\u00e7in tarama abutmenti olarak kullan\u0131l\u0131r<\/li>\n<li class=\"sc-3fi1by-0 hlEuXW\">Basitle\u015ftirilmi\u015f implant y\u00f6netimi<\/li>\n<\/ul>\n<div class=\"sc-3fi1by-0 hlEuXW\"><strong>Tam Paket Yeni Maunt<\/strong> her Light bifazik implant ile birlikte verilir.<\/div>\n<\/div>\n<\/div>\n<\/div>\n<\/div>\n<\/div>\n<\/div>\n<\/div>\n<\/div>\n<\/div>\n<\/div>\n<\/div>\n<\/div>\n<\/div>\n<\/div>\n<\/div>\n<\/div>\n<\/div>\n<\/div>\n<\/div>\n<\/div>\n<\/div>\n<\/div>\n<\/div>\n<\/div>\n<\/div>\n<\/div>\n<\/div>\n<\/div>\n<\/div>\n","protected":false},"excerpt":{"rendered":"<p><strong>Full Pack New Maunt<\/strong>, analog ve transferi tek bir elemanda birle\u015ftiren ancak ayr\u0131labilir \u00f6zel sistemiyle yeni bir kullan\u0131m kolayl\u0131\u011f\u0131 ve diren\u00e7 seviyesine \u00f6nc\u00fcl\u00fck ediyor.<\/p>\n","protected":false},"featured_media":23054,"comment_status":"closed","ping_status":"closed","template":"","meta":[],"product_brand":[],"product_cat":[323],"product_tag":[326,405,324],"class_list":{"0":"post-43292","1":"product","2":"type-product","3":"status-publish","4":"has-post-thumbnail","6":"product_cat-kitler","7":"product_tag-ic","8":"product_tag-ic-altigen","9":"product_tag-titanyum","11":"first","12":"instock","13":"shipping-taxable","14":"product-type-simple"},"_links":{"self":[{"href":"https:\/\/medmal.com.tr\/tr\/wp-json\/wp\/v2\/product\/43292","targetHints":{"allow":["GET"]}}],"collection":[{"href":"https:\/\/medmal.com.tr\/tr\/wp-json\/wp\/v2\/product"}],"about":[{"href":"https:\/\/medmal.com.tr\/tr\/wp-json\/wp\/v2\/types\/product"}],"replies":[{"embeddable":true,"href":"https:\/\/medmal.com.tr\/tr\/wp-json\/wp\/v2\/comments?post=43292"}],"wp:featuredmedia":[{"embeddable":true,"href":"https:\/\/medmal.com.tr\/tr\/wp-json\/wp\/v2\/media\/23054"}],"wp:attachment":[{"href":"https:\/\/medmal.com.tr\/tr\/wp-json\/wp\/v2\/media?parent=43292"}],"wp:term":[{"taxonomy":"product_brand","embeddable":true,"href":"https:\/\/medmal.com.tr\/tr\/wp-json\/wp\/v2\/product_brand?post=43292"},{"taxonomy":"product_cat","embeddable":true,"href":"https:\/\/medmal.com.tr\/tr\/wp-json\/wp\/v2\/product_cat?post=43292"},{"taxonomy":"product_tag","embeddable":true,"href":"https:\/\/medmal.com.tr\/tr\/wp-json\/wp\/v2\/product_tag?post=43292"}],"curies":[{"name":"wp","href":"https:\/\/api.w.org\/{rel}","templated":true}]}}