{"id":43291,"date":"2022-08-19T22:20:09","date_gmt":"2022-08-19T22:20:09","guid":{"rendered":"https:\/\/medmal.com.tr\/product\/maxifix-silindirik-dis-implanti\/"},"modified":"2022-08-19T22:20:09","modified_gmt":"2022-08-19T22:20:09","slug":"maxifix-2","status":"publish","type":"product","link":"https:\/\/medmal.com.tr\/tr\/product\/maxifix-2\/","title":{"rendered":"Maxifix &#8211; Silindirik Di\u015f \u0130mplant\u0131"},"content":{"rendered":"<div class=\"row\">\n<div class=\"large-12 columns margin-bottom-10\">\n<div class=\"sc-1a7juzs-0 kmmnYk sc-1w8z6ht-5 cBFfGP\" data-cy=\"\">\n<div class=\"sc-1a7juzs-1 fFDaJv TileInset\">\n<div class=\"sc-3fi1by-1 chZLCL\">\n<div class=\"sc-3fi1by-0 hlEuXW\">\n<div class=\"sc-1a7juzs-0 kmmnYk sc-1w8z6ht-5 cBFfGP\" data-cy=\"\">\n<div class=\"sc-1a7juzs-1 fFDaJv TileInset\">\n<div class=\"sc-3fi1by-1 chZLCL\">\n<div class=\"sc-3fi1by-0 hlEuXW\">\n<div class=\"sc-1a7juzs-0 kmmnYk sc-1w8z6ht-5 cBFfGP\" data-cy=\"\">\n<div class=\"sc-1a7juzs-1 fFDaJv TileInset\">\n<div class=\"sc-3fi1by-1 chZLCL\">\n<div class=\"sc-3fi1by-0 hlEuXW\">\n<h2><strong>MAXIFIX &#8211; OLA\u011eAN\u00dcST\u00dc \u00d6ZELLIKLERE SAHIP MONOBLOK<\/strong><\/h2>\n<p>Minimal invazivli\u011fi garanti eden basitle\u015ftirilmi\u015f cerrahi protokol ve yumu\u015fak dokular\u0131n m\u00fckemmel iyile\u015fmesi ve kan drenaj\u0131 i\u00e7in apikal bir oluk ve kendili\u011finden kilitlenen apeks ile ge\u00e7ici veya kesin elemanlar\u0131n uygulanmas\u0131 i\u00e7in an\u0131nda y\u00fckleme. Bu \u00f6zellik, kan\u0131n yukar\u0131dan a\u015fa\u011f\u0131ya do\u011fru a\u015f\u0131r\u0131 s\u0131k\u0131\u015fmas\u0131n\u0131 \u00f6nler, infiltrasyonu ve d\u0131\u015f \u00e7\u00fcr\u00fcklerin olu\u015fmas\u0131n\u0131 ve mandibular sinir b\u00f6lgelerinde olas\u0131 kompresyon a\u011fr\u0131s\u0131n\u0131 \u00f6nler.<\/p>\n<h3><strong>I\u0307STI\u0307KRAR VE G\u00dcVENLI\u0307K<\/strong><\/h3>\n<p>Y\u00fczeyi mordanlanm\u0131\u015f t\u0131bbi korindon ile i\u015flenmi\u015f olan MaxiFix, tek bir frez yard\u0131m\u0131yla yerle\u015ftirilir.<\/p>\n<\/div>\n<div class=\"sc-3fi1by-0 hlEuXW\">\n<p>Patentli tasar\u0131m\u0131 sayesinde g\u00fcd\u00fck, m\u00fckemmel bir estetik sonu\u00e7la ge\u00e7ici ve kesin unsurlar\u0131n y\u00fck\u00fcn\u00fc hemen alabilir.<\/p>\n<p>&nbsp;<\/p>\n<p>MaxiFix, kemik yo\u011funlu\u011funun \u00e7ok d\u00fc\u015f\u00fck oldu\u011fu b\u00f6lgeler i\u00e7in idealdir. Maksimum birincil stabiliteyi garanti eder ve sa\u011flam tasar\u0131m\u0131 sayesinde her t\u00fcrl\u00fc y\u00fck\u00fc destekler.<\/p>\n<\/div>\n<\/div>\n<\/div>\n<\/div>\n<\/div>\n<\/div>\n<\/div>\n<\/div>\n<\/div>\n<\/div>\n<\/div>\n<\/div>\n<\/div>\n<\/div>\n","protected":false},"excerpt":{"rendered":"<p><strong>MAXIFIX &#8211; OLA\u011eAN\u00dcST\u00dc \u00d6ZELLIKLERE SAHIP MONOBLOK<\/strong><\/p>\n<p>Minimal invazivli\u011fi garanti eden basitle\u015ftirilmi\u015f cerrahi protokol ve yumu\u015fak dokular\u0131n m\u00fckemmel iyile\u015fmesi ve kan drenaj\u0131 i\u00e7in apikal bir oluk ve kendili\u011finden kilitlenen apeks ile ge\u00e7ici veya kesin elemanlar\u0131n uygulanmas\u0131 i\u00e7in an\u0131nda y\u00fckleme. Bu \u00f6zellik, kan\u0131n yukar\u0131dan a\u015fa\u011f\u0131ya do\u011fru a\u015f\u0131r\u0131 s\u0131k\u0131\u015fmas\u0131n\u0131 \u00f6nler, infiltrasyonu ve d\u0131\u015f \u00e7\u00fcr\u00fcklerin olu\u015fmas\u0131n\u0131 ve mandibular sinir b\u00f6lgelerinde olas\u0131 kompresyon a\u011fr\u0131s\u0131n\u0131 \u00f6nler.<\/p>\n","protected":false},"featured_media":23000,"comment_status":"closed","ping_status":"closed","template":"","meta":[],"product_brand":[],"product_cat":[388],"product_tag":[325,403,324],"class_list":{"0":"post-43291","1":"product","2":"type-product","3":"status-publish","4":"has-post-thumbnail","6":"product_cat-implantlar","7":"product_tag-dis","8":"product_tag-tek-parca","9":"product_tag-titanyum","11":"first","12":"instock","13":"shipping-taxable","14":"product-type-simple"},"_links":{"self":[{"href":"https:\/\/medmal.com.tr\/tr\/wp-json\/wp\/v2\/product\/43291","targetHints":{"allow":["GET"]}}],"collection":[{"href":"https:\/\/medmal.com.tr\/tr\/wp-json\/wp\/v2\/product"}],"about":[{"href":"https:\/\/medmal.com.tr\/tr\/wp-json\/wp\/v2\/types\/product"}],"replies":[{"embeddable":true,"href":"https:\/\/medmal.com.tr\/tr\/wp-json\/wp\/v2\/comments?post=43291"}],"wp:featuredmedia":[{"embeddable":true,"href":"https:\/\/medmal.com.tr\/tr\/wp-json\/wp\/v2\/media\/23000"}],"wp:attachment":[{"href":"https:\/\/medmal.com.tr\/tr\/wp-json\/wp\/v2\/media?parent=43291"}],"wp:term":[{"taxonomy":"product_brand","embeddable":true,"href":"https:\/\/medmal.com.tr\/tr\/wp-json\/wp\/v2\/product_brand?post=43291"},{"taxonomy":"product_cat","embeddable":true,"href":"https:\/\/medmal.com.tr\/tr\/wp-json\/wp\/v2\/product_cat?post=43291"},{"taxonomy":"product_tag","embeddable":true,"href":"https:\/\/medmal.com.tr\/tr\/wp-json\/wp\/v2\/product_tag?post=43291"}],"curies":[{"name":"wp","href":"https:\/\/api.w.org\/{rel}","templated":true}]}}