{"id":43285,"date":"2022-08-20T17:50:40","date_gmt":"2022-08-20T17:50:40","guid":{"rendered":"https:\/\/medmal.com.tr\/product\/maxifix-compressive-p-konik-dental-implant\/"},"modified":"2022-10-15T13:38:54","modified_gmt":"2022-10-15T13:38:54","slug":"maxifix-compressive-p","status":"publish","type":"product","link":"https:\/\/medmal.com.tr\/tr\/product\/maxifix-compressive-p\/","title":{"rendered":"Maxifix Compressive P &#8211; Konik dental implant"},"content":{"rendered":"<div class=\"row\">\n<div class=\"large-12 columns margin-bottom-10\">\n<div class=\"sc-1a7juzs-0 kmmnYk sc-1w8z6ht-5 cBFfGP\" data-cy=\"\">\n<div class=\"sc-1a7juzs-1 fFDaJv TileInset\">\n<div class=\"sc-3fi1by-1 chZLCL\">\n<div class=\"sc-3fi1by-0 hlEuXW\">\n<div class=\"sc-1a7juzs-0 kmmnYk sc-1w8z6ht-5 cBFfGP\" data-cy=\"\">\n<div class=\"sc-1a7juzs-1 fFDaJv TileInset\">\n<div class=\"sc-3fi1by-1 chZLCL\">\n<div class=\"sc-3fi1by-0 hlEuXW\">\n<div class=\"sc-1a7juzs-0 kmmnYk sc-1w8z6ht-5 cBFfGP\" data-cy=\"\">\n<div class=\"sc-1a7juzs-1 fFDaJv TileInset\">\n<div class=\"sc-3fi1by-1 chZLCL\">\n<div class=\"sc-3fi1by-0 hlEuXW\">\n<div class=\"sc-1a7juzs-0 kmmnYk sc-1w8z6ht-5 cBFfGP\" data-cy=\"\">\n<div class=\"sc-1a7juzs-1 fFDaJv TileInset\">\n<div class=\"sc-3fi1by-1 chZLCL\">\n<div class=\"sc-3fi1by-0 hlEuXW\">\n<div class=\"sc-1a7juzs-0 kmmnYk sc-1w8z6ht-5 cBFfGP\" data-cy=\"\">\n<div class=\"sc-1a7juzs-1 fFDaJv TileInset\">\n<div class=\"sc-3fi1by-1 chZLCL\">\n<h2 class=\"sc-3fi1by-0 hlEuXW\">Maxifix Bas\u0131n\u00e7l\u0131 P<\/h2>\n<div class=\"sc-3fi1by-0 hlEuXW\">B\u00fck\u00fclme sorun de\u011fil<\/div>\n<div class=\"sc-3fi1by-0 hlEuXW\"><strong>MAXIFIX COMPRESSIVE P<\/strong>, m\u00fckemmel biyouyumlu Ti \u00b04 titanyumdan yap\u0131lm\u0131\u015f, kendinden k\u0131lavuzlu spiralli, kullan\u0131m\u0131 kolay a\u015famal\u0131 bir implantt\u0131r. Dental agenezi ve hareketli protez stabilizasyonu vakalar\u0131 i\u00e7in idealdir An\u0131nda y\u00fckleme Yat\u0131r\u0131labilir yaka Tek a\u015famal\u0131, bazal ve kompresif implantlarla tek ba\u011flant\u0131 Hastalar i\u00e7in atravmatik ve ekonomik \u00e7\u00f6z\u00fcm<\/div>\n<\/div>\n<\/div>\n<\/div>\n<\/div>\n<\/div>\n<\/div>\n<\/div>\n<\/div>\n<\/div>\n<\/div>\n<\/div>\n<\/div>\n<\/div>\n<\/div>\n<\/div>\n<\/div>\n<\/div>\n<\/div>\n<\/div>\n<\/div>\n<\/div>\n","protected":false},"excerpt":{"rendered":"<div class=\"sc-3fi1by-0 hlEuXW\"><strong>MAXIFIX COMPRESSIVE P<\/strong>, m\u00fckemmel biyouyumlu Ti \u00b04 titanyumdan yap\u0131lm\u0131\u015f, kendinden k\u0131lavuzlu spiralli, kullan\u0131m\u0131 kolay a\u015famal\u0131 bir implantt\u0131r. Dental agenezi ve hareketli protez stabilizasyonu vakalar\u0131 i\u00e7in idealdir An\u0131nda y\u00fckleme Yat\u0131r\u0131labilir yaka Tek a\u015famal\u0131, bazal ve kompresif implantlarla tek ba\u011flant\u0131 Hastalar i\u00e7in atravmatik ve ekonomik \u00e7\u00f6z\u00fcm<\/div>\n","protected":false},"featured_media":23026,"comment_status":"closed","ping_status":"closed","template":"","meta":[],"product_brand":[],"product_cat":[388],"product_tag":[391,324,394],"class_list":{"0":"post-43285","1":"product","2":"type-product","3":"status-publish","4":"has-post-thumbnail","6":"product_cat-implantlar","7":"product_tag-spiral-tr","8":"product_tag-titanyum","9":"product_tag-top","11":"first","12":"instock","13":"shipping-taxable","14":"product-type-simple"},"_links":{"self":[{"href":"https:\/\/medmal.com.tr\/tr\/wp-json\/wp\/v2\/product\/43285","targetHints":{"allow":["GET"]}}],"collection":[{"href":"https:\/\/medmal.com.tr\/tr\/wp-json\/wp\/v2\/product"}],"about":[{"href":"https:\/\/medmal.com.tr\/tr\/wp-json\/wp\/v2\/types\/product"}],"replies":[{"embeddable":true,"href":"https:\/\/medmal.com.tr\/tr\/wp-json\/wp\/v2\/comments?post=43285"}],"wp:featuredmedia":[{"embeddable":true,"href":"https:\/\/medmal.com.tr\/tr\/wp-json\/wp\/v2\/media\/23026"}],"wp:attachment":[{"href":"https:\/\/medmal.com.tr\/tr\/wp-json\/wp\/v2\/media?parent=43285"}],"wp:term":[{"taxonomy":"product_brand","embeddable":true,"href":"https:\/\/medmal.com.tr\/tr\/wp-json\/wp\/v2\/product_brand?post=43285"},{"taxonomy":"product_cat","embeddable":true,"href":"https:\/\/medmal.com.tr\/tr\/wp-json\/wp\/v2\/product_cat?post=43285"},{"taxonomy":"product_tag","embeddable":true,"href":"https:\/\/medmal.com.tr\/tr\/wp-json\/wp\/v2\/product_tag?post=43285"}],"curies":[{"name":"wp","href":"https:\/\/api.w.org\/{rel}","templated":true}]}}