{"id":43283,"date":"2022-09-03T21:54:16","date_gmt":"2022-09-03T21:54:16","guid":{"rendered":"https:\/\/medmal.com.tr\/product\/universal-matkap-ucu\/"},"modified":"2022-09-03T21:54:16","modified_gmt":"2022-09-03T21:54:16","slug":"evrensel-matkap-ucu","status":"publish","type":"product","link":"https:\/\/medmal.com.tr\/tr\/product\/evrensel-matkap-ucu\/","title":{"rendered":"\u00dcniversal matkap ucu"},"content":{"rendered":"<div class=\"row\">\n<div class=\"large-12 columns margin-bottom-10\">\n<div class=\"sc-1a7juzs-0 kmmnYk sc-1w8z6ht-5 cBFfGP\" data-cy=\"\">\n<div class=\"sc-1a7juzs-1 fFDaJv TileInset\">\n<div class=\"sc-3fi1by-1 chZLCL\">\n<div class=\"sc-3fi1by-0 hlEuXW\">\n<div class=\"sc-1a7juzs-0 kmmnYk sc-1w8z6ht-5 cBFfGP\" data-cy=\"\">\n<div class=\"sc-1a7juzs-1 fFDaJv TileInset\">\n<div class=\"sc-3fi1by-1 chZLCL\">\n<div class=\"sc-3fi1by-0 hlEuXW\">\n<div class=\"sc-1a7juzs-0 kmmnYk sc-1w8z6ht-5 cBFfGP\" data-cy=\"\">\n<div class=\"sc-1a7juzs-1 fFDaJv TileInset\">\n<div class=\"sc-3fi1by-1 chZLCL\">\n<div class=\"sc-3fi1by-0 hlEuXW\">\n<div class=\"sc-1a7juzs-0 kmmnYk sc-1w8z6ht-5 cBFfGP\" data-cy=\"\">\n<div class=\"sc-1a7juzs-1 fFDaJv TileInset\">\n<div class=\"sc-3fi1by-1 chZLCL\">\n<div class=\"sc-3fi1by-0 hlEuXW\">\n<div class=\"sc-1a7juzs-0 kmmnYk sc-1w8z6ht-5 cBFfGP\" data-cy=\"\">\n<div class=\"sc-1a7juzs-1 fFDaJv TileInset\">\n<div class=\"sc-3fi1by-1 chZLCL\">\n<div class=\"sc-3fi1by-0 hlEuXW\">\n<div class=\"sc-1a7juzs-0 kmmnYk sc-1w8z6ht-5 cBFfGP\" data-cy=\"\">\n<div class=\"sc-1a7juzs-1 fFDaJv TileInset\">\n<div class=\"sc-3fi1by-1 chZLCL\">\n<div class=\"sc-3fi1by-0 hlEuXW\">\n<div class=\"sc-1a7juzs-0 kmmnYk sc-1w8z6ht-5 cBFfGP\" data-cy=\"\">\n<div class=\"sc-1a7juzs-1 fFDaJv TileInset\">\n<div class=\"sc-3fi1by-1 chZLCL\">\n<div class=\"sc-3fi1by-0 hlEuXW\">\n<div class=\"sc-1a7juzs-0 kmmnYk sc-1w8z6ht-5 cBFfGP\" data-cy=\"\">\n<div class=\"sc-1a7juzs-1 fFDaJv TileInset\">\n<div class=\"sc-3fi1by-1 chZLCL\">\n<div class=\"sc-3fi1by-0 hlEuXW\">M\u0131zrak boyutlar\u0131na sahip \u00fcniversal pilot matkap: \u00e7ap: 2mm, uzunluk 15mm.<\/div>\n<div class=\"sc-3fi1by-0 hlEuXW\">Klasik implantoloji i\u00e7in pilot frez boyutlar\u0131:<\/div>\n<ul>\n<li class=\"sc-3fi1by-0 hlEuXW\">1,4 mm, uzunluk 15 mm<\/li>\n<li class=\"sc-3fi1by-0 hlEuXW\">2,0 mm, uzunluk 15 mm<\/li>\n<li class=\"sc-3fi1by-0 hlEuXW\">2,0 mm, uzunluk 29 mm<\/li>\n<li class=\"sc-3fi1by-0 hlEuXW\">2,3 mm, uzunluk 37 mm<\/li>\n<\/ul>\n<div class=\"sc-3fi1by-0 hlEuXW\">K\u0131lavuzlu implantoloji i\u00e7in pilot frez boyutlar\u0131:<\/div>\n<ul>\n<li class=\"sc-3fi1by-0 hlEuXW\">2,0 mm, uzunluk 25 mm<\/li>\n<li class=\"sc-3fi1by-0 hlEuXW\">2,0 mm, uzunluk 29 mm<\/li>\n<li class=\"sc-3fi1by-0 hlEuXW\">2,0 mm, uzunluk 39 mm<\/li>\n<\/ul>\n<div class=\"sc-3fi1by-0 hlEuXW\">Lance drill esas olarak implant b\u00f6lgesini haz\u0131rlamak, \u00f6zellikle de fikst\u00fcr\u00fc g\u00fcvenli bir \u015fekilde konumland\u0131rmak i\u00e7in kemik kortekslerini delmek i\u00e7in uygundur.<\/div>\n<div><\/div>\n<div class=\"sc-3fi1by-0 hlEuXW\">Belirli bir stratejik y\u00f6ne sahip bir kemik t\u00fcneli olu\u015fturmak i\u00e7in monofazik Bazal implantlar\u0131n yerle\u015ftirilmesinde kullan\u0131l\u0131r, monofazik Bazal ve Maxifix Kompresif implantlara an\u0131nda destek sa\u011flamak ve an\u0131nda y\u00fckleme elde etmek i\u00e7in ikincil kemik korteksinin ba\u011flanmas\u0131n\u0131 kolayla\u015ft\u0131r\u0131r.<\/div>\n<\/div>\n<\/div>\n<\/div>\n<div class=\"sc-1a7juzs-0 kmmnYk sc-1w8z6ht-5 cBFfGP\" data-cy=\"\">\n<div class=\"sc-1a7juzs-1 fFDaJv TileInset\"><\/div>\n<\/div>\n<\/div>\n<\/div>\n<\/div>\n<\/div>\n<\/div>\n<\/div>\n<\/div>\n<\/div>\n<\/div>\n<\/div>\n<\/div>\n<\/div>\n<\/div>\n<\/div>\n<\/div>\n<\/div>\n<\/div>\n<\/div>\n<\/div>\n<\/div>\n<\/div>\n<\/div>\n<\/div>\n<\/div>\n<\/div>\n<\/div>\n<\/div>\n<\/div>\n<\/div>\n<\/div>\n","protected":false},"excerpt":{"rendered":"<p>M\u0131zrak boyutlar\u0131na sahip \u00fcniversal pilot matkap: \u00e7ap: 2mm, uzunluk 15mm.<\/p>\n","protected":false},"featured_media":23072,"comment_status":"closed","ping_status":"closed","template":"","meta":[],"product_brand":[],"product_cat":[340],"product_tag":[389,392,382],"class_list":{"0":"post-43283","1":"product","2":"type-product","3":"status-publish","4":"has-post-thumbnail","6":"product_cat-matkaplar","7":"product_tag-bitirme","8":"product_tag-paslanmaz-celik","9":"product_tag-taslama","11":"first","12":"instock","13":"shipping-taxable","14":"product-type-simple"},"_links":{"self":[{"href":"https:\/\/medmal.com.tr\/tr\/wp-json\/wp\/v2\/product\/43283","targetHints":{"allow":["GET"]}}],"collection":[{"href":"https:\/\/medmal.com.tr\/tr\/wp-json\/wp\/v2\/product"}],"about":[{"href":"https:\/\/medmal.com.tr\/tr\/wp-json\/wp\/v2\/types\/product"}],"replies":[{"embeddable":true,"href":"https:\/\/medmal.com.tr\/tr\/wp-json\/wp\/v2\/comments?post=43283"}],"wp:featuredmedia":[{"embeddable":true,"href":"https:\/\/medmal.com.tr\/tr\/wp-json\/wp\/v2\/media\/23072"}],"wp:attachment":[{"href":"https:\/\/medmal.com.tr\/tr\/wp-json\/wp\/v2\/media?parent=43283"}],"wp:term":[{"taxonomy":"product_brand","embeddable":true,"href":"https:\/\/medmal.com.tr\/tr\/wp-json\/wp\/v2\/product_brand?post=43283"},{"taxonomy":"product_cat","embeddable":true,"href":"https:\/\/medmal.com.tr\/tr\/wp-json\/wp\/v2\/product_cat?post=43283"},{"taxonomy":"product_tag","embeddable":true,"href":"https:\/\/medmal.com.tr\/tr\/wp-json\/wp\/v2\/product_tag?post=43283"}],"curies":[{"name":"wp","href":"https:\/\/api.w.org\/{rel}","templated":true}]}}