{"id":43242,"date":"2022-09-03T22:18:14","date_gmt":"2022-09-03T22:18:14","guid":{"rendered":"https:\/\/medmal.com.tr\/product\/universal-kit-dental-implant-cerrahisi-alet-kiti\/"},"modified":"2022-09-03T22:18:14","modified_gmt":"2022-09-03T22:18:14","slug":"evrensel-kit","status":"publish","type":"product","link":"https:\/\/medmal.com.tr\/tr\/product\/evrensel-kit\/","title":{"rendered":"Universal Kit &#8211; Dental implant cerrahisi alet kiti"},"content":{"rendered":"<div class=\"row\">\n<div class=\"large-12 columns margin-bottom-10\">\n<div class=\"sc-1a7juzs-0 kmmnYk sc-1w8z6ht-5 cBFfGP\" data-cy=\"\">\n<div class=\"sc-1a7juzs-1 fFDaJv TileInset\">\n<div class=\"sc-3fi1by-1 chZLCL\">\n<div class=\"sc-3fi1by-0 hlEuXW\">\n<div class=\"sc-1a7juzs-0 kmmnYk sc-1w8z6ht-5 cBFfGP\" data-cy=\"\">\n<div class=\"sc-1a7juzs-1 fFDaJv TileInset\">\n<div class=\"sc-3fi1by-1 chZLCL\">\n<div class=\"sc-3fi1by-0 hlEuXW\">\n<div class=\"sc-1a7juzs-0 kmmnYk sc-1w8z6ht-5 cBFfGP\" data-cy=\"\">\n<div class=\"sc-1a7juzs-1 fFDaJv TileInset\">\n<div class=\"sc-3fi1by-1 chZLCL\">\n<div class=\"sc-3fi1by-0 hlEuXW\">\n<div class=\"sc-1a7juzs-0 kmmnYk sc-1w8z6ht-5 cBFfGP\" data-cy=\"\">\n<div class=\"sc-1a7juzs-1 fFDaJv TileInset\">\n<div class=\"sc-3fi1by-1 chZLCL\">\n<div class=\"sc-3fi1by-0 hlEuXW\">\n<div class=\"sc-1a7juzs-0 kmmnYk sc-1w8z6ht-5 cBFfGP\" data-cy=\"\">\n<div class=\"sc-1a7juzs-1 fFDaJv TileInset\">\n<div class=\"sc-3fi1by-1 chZLCL\">\n<div class=\"sc-3fi1by-0 hlEuXW\">\n<div class=\"sc-1a7juzs-0 kmmnYk sc-1w8z6ht-5 cBFfGP\" data-cy=\"\">\n<div class=\"sc-1a7juzs-1 fFDaJv TileInset\">\n<div class=\"sc-3fi1by-1 chZLCL\">\n<div class=\"sc-3fi1by-0 hlEuXW\">\n<div class=\"sc-1a7juzs-0 kmmnYk sc-1w8z6ht-5 cBFfGP\" data-cy=\"\">\n<div class=\"sc-1a7juzs-1 fFDaJv TileInset\">\n<div class=\"sc-3fi1by-1 chZLCL\">\n<div class=\"sc-3fi1by-0 hlEuXW\">\n<div class=\"sc-1a7juzs-0 kmmnYk sc-1w8z6ht-5 cBFfGP\" data-cy=\"\">\n<div class=\"sc-1a7juzs-1 fFDaJv TileInset\">\n<div class=\"sc-3fi1by-1 chZLCL\">\n<div class=\"sc-3fi1by-0 hlEuXW\">\n<div class=\"sc-1a7juzs-0 kmmnYk sc-1w8z6ht-5 cBFfGP\" data-cy=\"\">\n<div class=\"sc-1a7juzs-1 fFDaJv TileInset\">\n<div class=\"sc-3fi1by-1 chZLCL\">\n<div class=\"sc-3fi1by-0 hlEuXW\">\n<div class=\"sc-1a7juzs-0 kmmnYk sc-1w8z6ht-5 cBFfGP\" data-cy=\"\">\n<div class=\"sc-1a7juzs-1 fFDaJv TileInset\">\n<div class=\"sc-3fi1by-1 chZLCL\">\n<h2 class=\"sc-3fi1by-0 hlEuXW\">\u0130mplantoloji i\u00e7in \u00fcniversal cerrahi kit.<\/h2>\n<div class=\"sc-3fi1by-0 hlEuXW\">KIT, 6 adede kadar matkap i\u00e7erir.<\/div>\n<div class=\"sc-3fi1by-0 hlEuXW\">NSI UNIVERSAL KIT \u015funlar\u0131 i\u00e7erir:<\/div>\n<ul>\n<li class=\"sc-3fi1by-0 hlEuXW\">Silikon u\u00e7lu otoklavlanabilir t\u0131bbi \u00e7elik kutu<\/li>\n<li class=\"sc-3fi1by-0 hlEuXW\">2 Maxifix, Maxifix Kompresif, Bazal ve MX Hibrid monofazik implantlar i\u00e7in Mounter&#8217;lar,<\/li>\n<\/ul>\n<div class=\"sc-3fi1by-0 hlEuXW\">veya<\/div>\n<ul>\n<li class=\"sc-3fi1by-0 hlEuXW\">2 \u0130ki fazl\u0131 I\u015f\u0131k implantlar\u0131 i\u00e7in montaj aparatlar\u0131<\/li>\n<li class=\"sc-3fi1by-0 hlEuXW\">Monofazik Maxifix, Maxifix kompresif, MX Hybrid implantlar ve Light bifazik implantlardan olu\u015fan implant-protez serisi i\u00e7in d\u00f6rt benzersiz konik frez.<\/li>\n<li class=\"sc-3fi1by-0 hlEuXW\">iki fazl\u0131 I\u015f\u0131k hatt\u0131 i\u00e7in iki manuel Montaj Cihaz\u0131<\/li>\n<li class=\"sc-3fi1by-0 hlEuXW\">bir adet uzun manuel tornavida<\/li>\n<li class=\"sc-3fi1by-0 hlEuXW\">bir dinamometrik veya sabit mandal<\/li>\n<\/ul>\n<p>T\u00fcm bile\u015fenler y\u00fcksek kaliteli 174ph veya AISI 630 medikal \u00e7elikten olup elektro-parlat\u0131lm\u0131\u015ft\u0131r. NSI %100 Made in Italy taraf\u0131ndan \u00fcretilmi\u015f ve sertifikaland\u0131r\u0131lm\u0131\u015ft\u0131r.<\/p>\n<\/div>\n<\/div>\n<\/div>\n<\/div>\n<\/div>\n<\/div>\n<\/div>\n<\/div>\n<\/div>\n<\/div>\n<\/div>\n<\/div>\n<\/div>\n<\/div>\n<\/div>\n<\/div>\n<\/div>\n<\/div>\n<\/div>\n<\/div>\n<\/div>\n<\/div>\n<\/div>\n<\/div>\n<\/div>\n<\/div>\n<\/div>\n<\/div>\n<\/div>\n<\/div>\n<\/div>\n<\/div>\n<\/div>\n<\/div>\n<\/div>\n<\/div>\n<\/div>\n<\/div>\n<\/div>\n<\/div>\n<\/div>\n","protected":false},"excerpt":{"rendered":"<div class=\"sc-3fi1by-0 hlEuXW\"><strong>\u0130mplantoloji i\u00e7in \u00fcniversal cerrahi kit.<\/strong><\/div>\n<div class=\"sc-3fi1by-0 hlEuXW\">T\u00fcm bile\u015fenler y\u00fcksek kaliteli 174ph veya AISI 630 medikal \u00e7elikten olup elektro-parlat\u0131lm\u0131\u015ft\u0131r. NSI %100 Made in Italy taraf\u0131ndan \u00fcretilmi\u015f ve sertifikaland\u0131r\u0131lm\u0131\u015ft\u0131r.<\/div>\n","protected":false},"featured_media":23100,"comment_status":"closed","ping_status":"closed","template":"","meta":[],"product_brand":[],"product_cat":[323],"product_tag":[],"class_list":{"0":"post-43242","1":"product","2":"type-product","3":"status-publish","4":"has-post-thumbnail","6":"product_cat-kitler","8":"first","9":"instock","10":"shipping-taxable","11":"product-type-simple"},"_links":{"self":[{"href":"https:\/\/medmal.com.tr\/tr\/wp-json\/wp\/v2\/product\/43242","targetHints":{"allow":["GET"]}}],"collection":[{"href":"https:\/\/medmal.com.tr\/tr\/wp-json\/wp\/v2\/product"}],"about":[{"href":"https:\/\/medmal.com.tr\/tr\/wp-json\/wp\/v2\/types\/product"}],"replies":[{"embeddable":true,"href":"https:\/\/medmal.com.tr\/tr\/wp-json\/wp\/v2\/comments?post=43242"}],"wp:featuredmedia":[{"embeddable":true,"href":"https:\/\/medmal.com.tr\/tr\/wp-json\/wp\/v2\/media\/23100"}],"wp:attachment":[{"href":"https:\/\/medmal.com.tr\/tr\/wp-json\/wp\/v2\/media?parent=43242"}],"wp:term":[{"taxonomy":"product_brand","embeddable":true,"href":"https:\/\/medmal.com.tr\/tr\/wp-json\/wp\/v2\/product_brand?post=43242"},{"taxonomy":"product_cat","embeddable":true,"href":"https:\/\/medmal.com.tr\/tr\/wp-json\/wp\/v2\/product_cat?post=43242"},{"taxonomy":"product_tag","embeddable":true,"href":"https:\/\/medmal.com.tr\/tr\/wp-json\/wp\/v2\/product_tag?post=43242"}],"curies":[{"name":"wp","href":"https:\/\/api.w.org\/{rel}","templated":true}]}}