{"id":43238,"date":"2022-09-03T22:22:05","date_gmt":"2022-09-03T22:22:05","guid":{"rendered":"https:\/\/medmal.com.tr\/product\/nsi-3d-implant\/"},"modified":"2022-09-03T22:22:05","modified_gmt":"2022-09-03T22:22:05","slug":"nsi-3d-implant-2","status":"publish","type":"product","link":"https:\/\/medmal.com.tr\/tr\/product\/nsi-3d-implant-2\/","title":{"rendered":"NSI 3D \u0130MPLANT"},"content":{"rendered":"<div class=\"row\">\n<div class=\"large-12 columns margin-bottom-10\">\n<div class=\"sc-1a7juzs-0 kmmnYk sc-1w8z6ht-5 cBFfGP\" data-cy=\"\">\n<div class=\"sc-1a7juzs-1 fFDaJv TileInset\">\n<div class=\"sc-3fi1by-1 chZLCL\">\n<div class=\"sc-3fi1by-0 hlEuXW\">\n<div class=\"sc-1a7juzs-0 kmmnYk sc-1w8z6ht-5 cBFfGP\" data-cy=\"\">\n<div class=\"sc-1a7juzs-1 fFDaJv TileInset\">\n<div class=\"sc-3fi1by-1 chZLCL\">\n<div class=\"sc-3fi1by-0 hlEuXW\">\n<div class=\"sc-1a7juzs-0 kmmnYk sc-1w8z6ht-5 cBFfGP\" data-cy=\"\">\n<div class=\"sc-1a7juzs-1 fFDaJv TileInset\">\n<div class=\"sc-3fi1by-1 chZLCL\">\n<div class=\"sc-3fi1by-0 hlEuXW\">\n<div class=\"sc-1a7juzs-0 kmmnYk sc-1w8z6ht-5 cBFfGP\" data-cy=\"\">\n<div class=\"sc-1a7juzs-1 fFDaJv TileInset\">\n<div class=\"sc-3fi1by-1 chZLCL\">\n<div class=\"sc-3fi1by-0 hlEuXW\">\n<div class=\"sc-1a7juzs-0 kmmnYk sc-1w8z6ht-5 cBFfGP\" data-cy=\"\">\n<div class=\"sc-1a7juzs-1 fFDaJv TileInset\">\n<div class=\"sc-3fi1by-1 chZLCL\">\n<div class=\"sc-3fi1by-0 hlEuXW\">\n<div class=\"sc-1a7juzs-0 kmmnYk sc-1w8z6ht-5 cBFfGP\" data-cy=\"\">\n<div class=\"sc-1a7juzs-1 fFDaJv TileInset\">\n<div class=\"sc-3fi1by-1 chZLCL\">\n<div class=\"sc-3fi1by-0 hlEuXW\">\n<div class=\"sc-1a7juzs-0 kmmnYk sc-1w8z6ht-5 cBFfGP\" data-cy=\"\">\n<div class=\"sc-1a7juzs-1 fFDaJv TileInset\">\n<div class=\"sc-3fi1by-1 chZLCL\">\n<div class=\"sc-3fi1by-0 hlEuXW\">\n<div class=\"sc-1a7juzs-0 kmmnYk sc-1w8z6ht-5 cBFfGP\" data-cy=\"\">\n<div class=\"sc-1a7juzs-1 fFDaJv TileInset\">\n<div class=\"sc-3fi1by-1 chZLCL\">\n<div class=\"sc-3fi1by-0 hlEuXW\">\n<div class=\"sc-1a7juzs-0 kmmnYk sc-1w8z6ht-5 cBFfGP\" data-cy=\"\">\n<div class=\"sc-1a7juzs-1 fFDaJv TileInset\">\n<div class=\"sc-3fi1by-1 chZLCL\">\n<div class=\"sc-3fi1by-0 hlEuXW\">\n<div class=\"sc-1a7juzs-0 kmmnYk sc-1w8z6ht-5 cBFfGP\" data-cy=\"\">\n<div class=\"sc-1a7juzs-1 fFDaJv TileInset\">\n<div class=\"sc-3fi1by-1 chZLCL\">\n<h2 class=\"sc-3fi1by-0 hlEuXW\">MINI INVAZIVLIK<\/h2>\n<div class=\"sc-3fi1by-0 hlEuXW\">\u0130mplant\u0131 yerle\u015ftirmek i\u00e7in tek bir matkap.<\/div>\n<h3 class=\"sc-3fi1by-0 hlEuXW\">EN HASSAS KO\u015eULLARDA BILE KORTIKAL DESTEK<\/h3>\n<div class=\"sc-3fi1by-0 hlEuXW\">Bobinlerin profili ve patentli NSI tasar\u0131m\u0131 sayesinde, mandibular sinir veya maksiller sin\u00fcs gibi sorunlardan ka\u00e7\u0131narak an\u0131nda y\u00fcklemeye izin vermek i\u00e7in en umut verici b\u00f6lgelerdeki kortekslerden yararlanmak m\u00fcmk\u00fcnd\u00fcr.<\/div>\n<h3 class=\"sc-3fi1by-0 hlEuXW\">HASSASI\u0307YET &#8211; G\u00dcVENLI\u0307K &#8211; HIZLI ZAMANLAR<\/h3>\n<div class=\"sc-3fi1by-0 hlEuXW\">\u00f8 2 mm&#8217;lik bir matkab\u0131n tek bir ge\u00e7i\u015fiyle implant\u0131 yerle\u015ftirebilir ve 24 saat i\u00e7inde an\u0131nda y\u00fcklemeyi garanti edebiliriz.<\/div>\n<div><\/div>\n<div class=\"sc-3fi1by-0 hlEuXW\">Di\u015f bile\u015fenlerini planlama ve \u00fcretmeye y\u00f6nelik NSI 3D protokol\u00fcm\u00fcz sayesinde hasta 24 saat i\u00e7inde sabit, ge\u00e7ici veya kal\u0131c\u0131 di\u015flerle muayenehaneden ayr\u0131lacakt\u0131r. Buna ek olarak NSI, planlamadan son di\u015fe kadar s\u00fcreci tamamen y\u00f6netecektir.<\/div>\n<h3 class=\"sc-3fi1by-0 hlEuXW\">\u0130LK ADIM<\/h3>\n<ul>\n<li class=\"sc-3fi1by-0 hlEuXW\">A\u011f\u0131z \u0130\u00e7i Tarama<\/li>\n<li class=\"sc-3fi1by-0 hlEuXW\">CT taramas\u0131 ve 3D i\u015faretleyici<\/li>\n<li class=\"sc-3fi1by-0 hlEuXW\">E\u015fle\u015fen TAC<\/li>\n<li class=\"sc-3fi1by-0 hlEuXW\">K\u00fcnye<\/li>\n<li class=\"sc-3fi1by-0 hlEuXW\">Cerrahi k\u0131lavuz<\/li>\n<\/ul>\n<div><\/div>\n<h3 class=\"sc-3fi1by-0 hlEuXW\">\u0130K\u0130NC\u0130 ADIM<\/h3>\n<div class=\"sc-3fi1by-0 hlEuXW\">Di\u015f hekimi, planlamay\u0131 onaylad\u0131ktan sonra 24 saat i\u00e7inde ilgili cihazlar\u0131 i\u00e7eren kiti alacakt\u0131r: \u00e7al\u0131\u015fma modeli, cerrahi k\u0131lavuz, ge\u00e7ici elemanlar, kullan\u0131lacak monofazik implantlar.<\/div>\n<div><\/div>\n<h3 class=\"sc-3fi1by-0 hlEuXW\">ADIM ADIM:<\/h3>\n<ol>\n<li class=\"sc-3fi1by-0 hlEuXW\">Cerrahi \u015fablon konumu<\/li>\n<li class=\"sc-3fi1by-0 hlEuXW\">\u00f8 2 mm matkab\u0131n yerle\u015ftirilmesi<\/li>\n<li class=\"sc-3fi1by-0 hlEuXW\">Tek fazl\u0131 implant yerle\u015ftirme<\/li>\n<li class=\"sc-3fi1by-0 hlEuXW\">40\u00b0&#8217;ye kadar b\u00fckme<\/li>\n<li class=\"sc-3fi1by-0 hlEuXW\">An\u0131nda y\u00fck<\/li>\n<\/ol>\n<h3 class=\"sc-3fi1by-0 hlEuXW\">EKSIKSIZ DIJITAL I\u015e AKI\u015eI<\/h3>\n<div class=\"sc-3fi1by-0 hlEuXW\">\u015eirketimiz ve laboratuvarlar\u0131m\u0131z, cerrahi k\u0131lavuzdan kemik juxta&#8217;ya kadar, ge\u00e7ici ve kesin elemanlar da dahil olmak \u00fczere herhangi bir protez implant projesi geli\u015ftirmek i\u00e7in DICOM dosyalar\u0131n\u0131 ve STL kal\u0131plar\u0131n\u0131 almak \u00fczere tamamen dijitalle\u015ftirilmi\u015ftir.<\/div>\n<h3 class=\"sc-3fi1by-0 hlEuXW\">TAM LABORATUVAR PROTEZ HI\u0307ZMETI\u0307<\/h3>\n<div class=\"sc-3fi1by-0 hlEuXW\">Hastan\u0131za en iyi hizmeti sunmak i\u00e7in provizyonel veya sabit protezler i\u00e7in laboratuvar\u0131m\u0131zdan yararlanarak projeyi tamamlayabilirsiniz.<\/div>\n<div class=\"sc-3fi1by-0 hlEuXW\">AMA\u00c7: St\u00fcdyonuzdan g\u00fcl\u00fcmseyerek \u00e7\u0131k\u0131n.<\/div>\n<\/div>\n<\/div>\n<\/div>\n<\/div>\n<\/div>\n<\/div>\n<\/div>\n<\/div>\n<\/div>\n<\/div>\n<\/div>\n<\/div>\n<\/div>\n<\/div>\n<\/div>\n<\/div>\n<\/div>\n<\/div>\n<\/div>\n<\/div>\n<\/div>\n<\/div>\n<\/div>\n<\/div>\n<\/div>\n<\/div>\n<\/div>\n<\/div>\n<\/div>\n<\/div>\n<\/div>\n<\/div>\n<\/div>\n<\/div>\n<\/div>\n<\/div>\n<\/div>\n<\/div>\n<\/div>\n<\/div>\n<\/div>\n","protected":false},"excerpt":{"rendered":"<p>MX HYBRID &#8211; M\u00dcKEMMEL F\u00dcZYON SINIRSIZ ANINDA Y\u00dcKLEME<\/p>\n","protected":false},"featured_media":23108,"comment_status":"closed","ping_status":"closed","template":"","meta":[],"product_brand":[],"product_cat":[374],"product_tag":[],"class_list":{"0":"post-43238","1":"product","2":"type-product","3":"status-publish","4":"has-post-thumbnail","6":"product_cat-cerrahi-kilavuz","8":"first","9":"instock","10":"shipping-taxable","11":"product-type-simple"},"_links":{"self":[{"href":"https:\/\/medmal.com.tr\/tr\/wp-json\/wp\/v2\/product\/43238","targetHints":{"allow":["GET"]}}],"collection":[{"href":"https:\/\/medmal.com.tr\/tr\/wp-json\/wp\/v2\/product"}],"about":[{"href":"https:\/\/medmal.com.tr\/tr\/wp-json\/wp\/v2\/types\/product"}],"replies":[{"embeddable":true,"href":"https:\/\/medmal.com.tr\/tr\/wp-json\/wp\/v2\/comments?post=43238"}],"wp:featuredmedia":[{"embeddable":true,"href":"https:\/\/medmal.com.tr\/tr\/wp-json\/wp\/v2\/media\/23108"}],"wp:attachment":[{"href":"https:\/\/medmal.com.tr\/tr\/wp-json\/wp\/v2\/media?parent=43238"}],"wp:term":[{"taxonomy":"product_brand","embeddable":true,"href":"https:\/\/medmal.com.tr\/tr\/wp-json\/wp\/v2\/product_brand?post=43238"},{"taxonomy":"product_cat","embeddable":true,"href":"https:\/\/medmal.com.tr\/tr\/wp-json\/wp\/v2\/product_cat?post=43238"},{"taxonomy":"product_tag","embeddable":true,"href":"https:\/\/medmal.com.tr\/tr\/wp-json\/wp\/v2\/product_tag?post=43238"}],"curies":[{"name":"wp","href":"https:\/\/api.w.org\/{rel}","templated":true}]}}