{"id":43222,"date":"2022-09-03T22:29:50","date_gmt":"2022-09-03T22:29:50","guid":{"rendered":"https:\/\/medmal.com.tr\/product\/starter-kiti-silindro-konik-dental-implant\/"},"modified":"2022-09-03T22:29:50","modified_gmt":"2022-09-03T22:29:50","slug":"baslangic-kiti","status":"publish","type":"product","link":"https:\/\/medmal.com.tr\/tr\/product\/baslangic-kiti\/","title":{"rendered":"STARTER K\u0130T\u0130 &#8211; Silindro-konik dental implant"},"content":{"rendered":"<div class=\"row\">\n<div class=\"large-12 columns margin-bottom-10\">\n<div class=\"sc-1a7juzs-0 kmmnYk sc-1w8z6ht-5 cBFfGP\" data-cy=\"\">\n<div class=\"sc-1a7juzs-1 fFDaJv TileInset\">\n<div class=\"sc-3fi1by-1 chZLCL\">\n<div class=\"sc-3fi1by-0 hlEuXW\">\n<div class=\"sc-1a7juzs-0 kmmnYk sc-1w8z6ht-5 cBFfGP\" data-cy=\"\">\n<div class=\"sc-1a7juzs-1 fFDaJv TileInset\">\n<div class=\"sc-3fi1by-1 chZLCL\">\n<div class=\"sc-3fi1by-0 hlEuXW\">\n<div class=\"sc-1a7juzs-0 kmmnYk sc-1w8z6ht-5 cBFfGP\" data-cy=\"\">\n<div class=\"sc-1a7juzs-1 fFDaJv TileInset\">\n<div class=\"sc-3fi1by-1 chZLCL\">\n<div class=\"sc-3fi1by-0 hlEuXW\">\n<div class=\"sc-1a7juzs-0 kmmnYk sc-1w8z6ht-5 cBFfGP\" data-cy=\"\">\n<div class=\"sc-1a7juzs-1 fFDaJv TileInset\">\n<div class=\"sc-3fi1by-1 chZLCL\">\n<div class=\"sc-3fi1by-0 hlEuXW\">NSI, \u00fcr\u00fcnlerimizi uygun ve \u015f\u0131k bir pakette denemenizi sa\u011flamak i\u00e7in se\u00e7ti\u011finiz D\u00d6RT \u0130MPLANT ve bunlar\u0131n uygulanmas\u0131 i\u00e7in \u00dc\u00c7 ALET i\u00e7eren Ba\u015flang\u0131\u00e7 Kitlerini haz\u0131rlam\u0131\u015ft\u0131r.<\/div>\n<div><\/div>\n<div class=\"sc-3fi1by-0 hlEuXW\">Hemen y\u00fckleme i\u00e7in ideal olan, 16 \u00e7ap ve 12 uzunlukta mevcut alt\u0131 monofazik ve bifazik NSI modeli aras\u0131ndan d\u00f6rt implant se\u00e7ebilirsiniz.<\/div>\n<div><\/div>\n<div class=\"sc-3fi1by-0 hlEuXW\">NSI her implant\u0131 steril tek kullan\u0131ml\u0131k protez kiti ile birlikte tedarik eder.<\/div>\n<\/div>\n<\/div>\n<\/div>\n<div class=\"sc-1a7juzs-0 kmmnYk sc-1w8z6ht-5 cBFfGP\" data-cy=\"\">\n<div class=\"sc-1a7juzs-1 fFDaJv TileInset\"><\/div>\n<\/div>\n<\/div>\n<\/div>\n<\/div>\n<\/div>\n<\/div>\n<\/div>\n<\/div>\n<\/div>\n<\/div>\n<\/div>\n<\/div>\n<\/div>\n<\/div>\n<\/div>\n","protected":false},"excerpt":{"rendered":"<p>NSI, \u00fcr\u00fcnlerimizi uygun ve \u015f\u0131k bir pakette denemenizi sa\u011flamak i\u00e7in se\u00e7ti\u011finiz D\u00d6RT \u0130MPLANT ve bunlar\u0131n uygulanmas\u0131 i\u00e7in \u00dc\u00c7 ALET i\u00e7eren Ba\u015flang\u0131\u00e7 Kitlerini haz\u0131rlam\u0131\u015ft\u0131r.<\/p>\n","protected":false},"featured_media":23126,"comment_status":"closed","ping_status":"closed","template":"","meta":[],"product_brand":[],"product_cat":[323],"product_tag":[325,326,324],"class_list":{"0":"post-43222","1":"product","2":"type-product","3":"status-publish","4":"has-post-thumbnail","6":"product_cat-kitler","7":"product_tag-dis","8":"product_tag-ic","9":"product_tag-titanyum","11":"first","12":"instock","13":"shipping-taxable","14":"product-type-simple"},"_links":{"self":[{"href":"https:\/\/medmal.com.tr\/tr\/wp-json\/wp\/v2\/product\/43222","targetHints":{"allow":["GET"]}}],"collection":[{"href":"https:\/\/medmal.com.tr\/tr\/wp-json\/wp\/v2\/product"}],"about":[{"href":"https:\/\/medmal.com.tr\/tr\/wp-json\/wp\/v2\/types\/product"}],"replies":[{"embeddable":true,"href":"https:\/\/medmal.com.tr\/tr\/wp-json\/wp\/v2\/comments?post=43222"}],"wp:featuredmedia":[{"embeddable":true,"href":"https:\/\/medmal.com.tr\/tr\/wp-json\/wp\/v2\/media\/23126"}],"wp:attachment":[{"href":"https:\/\/medmal.com.tr\/tr\/wp-json\/wp\/v2\/media?parent=43222"}],"wp:term":[{"taxonomy":"product_brand","embeddable":true,"href":"https:\/\/medmal.com.tr\/tr\/wp-json\/wp\/v2\/product_brand?post=43222"},{"taxonomy":"product_cat","embeddable":true,"href":"https:\/\/medmal.com.tr\/tr\/wp-json\/wp\/v2\/product_cat?post=43222"},{"taxonomy":"product_tag","embeddable":true,"href":"https:\/\/medmal.com.tr\/tr\/wp-json\/wp\/v2\/product_tag?post=43222"}],"curies":[{"name":"wp","href":"https:\/\/api.w.org\/{rel}","templated":true}]}}