{"id":43200,"date":"2022-09-03T22:10:49","date_gmt":"2022-09-03T22:10:49","guid":{"rendered":"https:\/\/medmal.com.tr\/product\/dental-implant-dis-tornavidasi\/"},"modified":"2022-09-03T22:10:49","modified_gmt":"2022-09-03T22:10:49","slug":"dental-implant-dental-tornavida","status":"publish","type":"product","link":"https:\/\/medmal.com.tr\/tr\/product\/dental-implant-dental-tornavida\/","title":{"rendered":"Dental implant di\u015f tornavidas\u0131"},"content":{"rendered":"<div class=\"row\">\n<div class=\"large-12 columns margin-bottom-10\">\n<div class=\"sc-1a7juzs-0 kmmnYk sc-1w8z6ht-5 cBFfGP\" data-cy=\"\">\n<div class=\"sc-1a7juzs-1 fFDaJv TileInset\">\n<div class=\"sc-3fi1by-1 chZLCL\">\n<div class=\"sc-3fi1by-0 hlEuXW\">\n<div class=\"sc-1a7juzs-0 kmmnYk sc-1w8z6ht-5 cBFfGP\" data-cy=\"\">\n<div class=\"sc-1a7juzs-1 fFDaJv TileInset\">\n<div class=\"sc-3fi1by-1 chZLCL\">\n<div class=\"sc-3fi1by-0 hlEuXW\">\n<div class=\"sc-1a7juzs-0 kmmnYk sc-1w8z6ht-5 cBFfGP\" data-cy=\"\">\n<div class=\"sc-1a7juzs-1 fFDaJv TileInset\">\n<div class=\"sc-3fi1by-1 chZLCL\">\n<div class=\"sc-3fi1by-0 hlEuXW\">\n<div class=\"sc-1a7juzs-0 kmmnYk sc-1w8z6ht-5 cBFfGP\" data-cy=\"\">\n<div class=\"sc-1a7juzs-1 fFDaJv TileInset\">\n<div class=\"sc-3fi1by-1 chZLCL\">\n<div class=\"sc-3fi1by-0 hlEuXW\">\n<div class=\"sc-1a7juzs-0 kmmnYk sc-1w8z6ht-5 cBFfGP\" data-cy=\"\">\n<div class=\"sc-1a7juzs-1 fFDaJv TileInset\">\n<div class=\"sc-3fi1by-1 chZLCL\">\n<div class=\"sc-3fi1by-0 hlEuXW\">\n<div class=\"sc-1a7juzs-0 kmmnYk sc-1w8z6ht-5 cBFfGP\" data-cy=\"\">\n<div class=\"sc-1a7juzs-1 fFDaJv TileInset\">\n<div class=\"sc-3fi1by-1 chZLCL\">\n<div class=\"sc-3fi1by-0 hlEuXW\">\n<div class=\"sc-1a7juzs-0 kmmnYk sc-1w8z6ht-5 cBFfGP\" data-cy=\"\">\n<div class=\"sc-1a7juzs-1 fFDaJv TileInset\">\n<div class=\"sc-3fi1by-1 chZLCL\">\n<div class=\"sc-3fi1by-0 hlEuXW\">\n<div class=\"sc-1a7juzs-0 kmmnYk sc-1w8z6ht-5 cBFfGP\" data-cy=\"\">\n<div class=\"sc-1a7juzs-1 fFDaJv TileInset\">\n<div class=\"sc-3fi1by-1 chZLCL\">\n<div class=\"sc-3fi1by-0 hlEuXW\">\n<div class=\"sc-1a7juzs-0 kmmnYk sc-1w8z6ht-5 cBFfGP\" data-cy=\"\">\n<div class=\"sc-1a7juzs-1 fFDaJv TileInset\">\n<div class=\"sc-3fi1by-1 chZLCL\">\n<div class=\"sc-3fi1by-0 hlEuXW\">Bir tutma sap\u0131 ve de\u011fi\u015ftirilebilir aletlerden olu\u015fan mod\u00fcler tornavida: bifazik implantlar i\u00e7in u\u00e7, monofazik implantlar i\u00e7in mounter, manuel matkap ve pilot matkap.<\/div>\n<\/div>\n<\/div>\n<\/div>\n<\/div>\n<\/div>\n<\/div>\n<\/div>\n<\/div>\n<\/div>\n<\/div>\n<\/div>\n<\/div>\n<\/div>\n<\/div>\n<\/div>\n<\/div>\n<\/div>\n<\/div>\n<\/div>\n<\/div>\n<\/div>\n<\/div>\n<\/div>\n<\/div>\n<\/div>\n<\/div>\n<\/div>\n<\/div>\n<\/div>\n<\/div>\n<\/div>\n<\/div>\n<\/div>\n<\/div>\n<\/div>\n<\/div>\n<\/div>\n","protected":false},"excerpt":{"rendered":"<div class=\"sc-1a7juzs-0 kmmnYk sc-1w8z6ht-5 cBFfGP\" data-cy=\"\">\n<div class=\"sc-1a7juzs-1 fFDaJv TileInset\">\n<div class=\"sc-3fi1by-1 chZLCL\">\n<div class=\"sc-3fi1by-0 hlEuXW\">Bir sap tutma yeri ve de\u011fi\u015ftirilebilir aletlerden olu\u015fan mod\u00fcler tornavida:<\/div>\n<div class=\"sc-3fi1by-0 hlEuXW\">bifazik implantlar i\u00e7in u\u00e7, monofazik implantlar i\u00e7in mounter, manuel matkap ve pilot matkap.<\/div>\n<\/div>\n<\/div>\n<\/div>\n<div class=\"sc-1a7juzs-0 kmmnYk sc-1w8z6ht-5 cBFfGP\" data-cy=\"\">\n<div class=\"sc-1a7juzs-1 fFDaJv TileInset\"><\/div>\n<\/div>\n","protected":false},"featured_media":23086,"comment_status":"closed","ping_status":"closed","template":"","meta":[],"product_brand":[],"product_cat":[340],"product_tag":[350],"class_list":{"0":"post-43200","1":"product","2":"type-product","3":"status-publish","4":"has-post-thumbnail","6":"product_cat-matkaplar","7":"product_tag-el-aleti","9":"first","10":"instock","11":"shipping-taxable","12":"product-type-simple"},"_links":{"self":[{"href":"https:\/\/medmal.com.tr\/tr\/wp-json\/wp\/v2\/product\/43200","targetHints":{"allow":["GET"]}}],"collection":[{"href":"https:\/\/medmal.com.tr\/tr\/wp-json\/wp\/v2\/product"}],"about":[{"href":"https:\/\/medmal.com.tr\/tr\/wp-json\/wp\/v2\/types\/product"}],"replies":[{"embeddable":true,"href":"https:\/\/medmal.com.tr\/tr\/wp-json\/wp\/v2\/comments?post=43200"}],"wp:featuredmedia":[{"embeddable":true,"href":"https:\/\/medmal.com.tr\/tr\/wp-json\/wp\/v2\/media\/23086"}],"wp:attachment":[{"href":"https:\/\/medmal.com.tr\/tr\/wp-json\/wp\/v2\/media?parent=43200"}],"wp:term":[{"taxonomy":"product_brand","embeddable":true,"href":"https:\/\/medmal.com.tr\/tr\/wp-json\/wp\/v2\/product_brand?post=43200"},{"taxonomy":"product_cat","embeddable":true,"href":"https:\/\/medmal.com.tr\/tr\/wp-json\/wp\/v2\/product_cat?post=43200"},{"taxonomy":"product_tag","embeddable":true,"href":"https:\/\/medmal.com.tr\/tr\/wp-json\/wp\/v2\/product_tag?post=43200"}],"curies":[{"name":"wp","href":"https:\/\/api.w.org\/{rel}","templated":true}]}}