{"id":43137,"date":"2022-09-04T23:24:13","date_gmt":"2022-09-04T23:24:13","guid":{"rendered":"https:\/\/medmal.com.tr\/product\/dental-implant-dis-surucusu\/"},"modified":"2022-09-04T23:24:13","modified_gmt":"2022-09-04T23:24:13","slug":"dental-implant-dental-surucu","status":"publish","type":"product","link":"https:\/\/medmal.com.tr\/tr\/product\/dental-implant-dental-surucu\/","title":{"rendered":"Dental implant di\u015f s\u00fcr\u00fcc\u00fcs\u00fc"},"content":{"rendered":"<div class=\"row\">\n<div class=\"large-12 columns margin-bottom-10\">\n<div class=\"sc-1a7juzs-0 kmmnYk sc-1w8z6ht-5 cBFfGP\" data-cy=\"\">\n<div class=\"sc-1a7juzs-1 fFDaJv TileInset\">\n<div class=\"sc-3fi1by-1 chZLCL\">\n<div class=\"sc-3fi1by-0 hlEuXW\">\n<div class=\"sc-1a7juzs-0 kmmnYk sc-1w8z6ht-5 cBFfGP\" data-cy=\"\">\n<div class=\"sc-1a7juzs-1 fFDaJv TileInset\">\n<div class=\"sc-3fi1by-1 chZLCL\">\n<div class=\"sc-3fi1by-0 hlEuXW\">\n<div class=\"sc-1a7juzs-0 kmmnYk sc-1w8z6ht-5 cBFfGP\" data-cy=\"\">\n<div class=\"sc-1a7juzs-1 fFDaJv TileInset\">\n<div class=\"sc-3fi1by-1 chZLCL\">\n<div class=\"sc-3fi1by-0 hlEuXW\">\n<div class=\"sc-1a7juzs-0 kmmnYk sc-1w8z6ht-5 cBFfGP\" data-cy=\"\">\n<div class=\"sc-1a7juzs-1 fFDaJv TileInset\">\n<div class=\"sc-3fi1by-1 chZLCL\">\n<div class=\"sc-3fi1by-0 hlEuXW\">\n<div class=\"sc-1a7juzs-0 kmmnYk sc-1w8z6ht-5 cBFfGP\" data-cy=\"\">\n<div class=\"sc-1a7juzs-1 fFDaJv TileInset\">\n<div class=\"sc-3fi1by-1 chZLCL\">\n<div class=\"sc-3fi1by-0 hlEuXW\">\n<div class=\"sc-1a7juzs-0 kmmnYk sc-1w8z6ht-5 cBFfGP\" data-cy=\"\">\n<div class=\"sc-1a7juzs-1 fFDaJv TileInset\">\n<div class=\"sc-3fi1by-1 chZLCL\">\n<div class=\"sc-3fi1by-0 hlEuXW\">NSI 0015PC, Light bifazik implantlar\u0131n cerrahi ve kapatma vidalar\u0131n\u0131 s\u0131kmak i\u00e7in kullan\u0131lan bir tornavidad\u0131r.<\/div>\n<div><\/div>\n<div class=\"sc-3fi1by-0 hlEuXW\">\u0130ki versiyonu mevcuttur:<\/div>\n<ul>\n<li class=\"sc-3fi1by-0 hlEuXW\">0015PC k\u0131sa sapl\u0131<\/li>\n<li class=\"sc-3fi1by-0 hlEuXW\">0015PL uzun sapl\u0131<\/li>\n<\/ul>\n<div><\/div>\n<div class=\"sc-3fi1by-0 hlEuXW\"><strong>NSI<\/strong> bifazik tornavidalar y\u00fcksek kaliteli AISI 630 medikal \u00e7elikten \u00fcretilmi\u015f olup, <strong>NSI<\/strong> taraf\u0131ndan %100 <strong>Made in Italy<\/strong> olarak \u00fcretilmi\u015f ve sertifikaland\u0131r\u0131lm\u0131\u015ft\u0131r.<\/div>\n<\/div>\n<\/div>\n<\/div>\n<div class=\"sc-1a7juzs-0 kmmnYk sc-1w8z6ht-5 cBFfGP\" data-cy=\"\">\n<div class=\"sc-1a7juzs-1 fFDaJv TileInset\"><\/div>\n<\/div>\n<\/div>\n<\/div>\n<\/div>\n<\/div>\n<\/div>\n<\/div>\n<\/div>\n<\/div>\n<\/div>\n<\/div>\n<\/div>\n<\/div>\n<\/div>\n<\/div>\n<\/div>\n<\/div>\n<\/div>\n<\/div>\n<\/div>\n<\/div>\n<\/div>\n<\/div>\n","protected":false},"excerpt":{"rendered":"<p>NSI 0015PC, Light bifazik implantlar\u0131n cerrahi ve kapatma vidalar\u0131n\u0131 s\u0131kmak i\u00e7in kullan\u0131lan bir tornavidad\u0131r.<\/p>\n","protected":false},"featured_media":23178,"comment_status":"closed","ping_status":"closed","template":"","meta":[],"product_brand":[],"product_cat":[340],"product_tag":[350],"class_list":{"0":"post-43137","1":"product","2":"type-product","3":"status-publish","4":"has-post-thumbnail","6":"product_cat-matkaplar","7":"product_tag-el-aleti","9":"first","10":"instock","11":"shipping-taxable","12":"product-type-simple"},"_links":{"self":[{"href":"https:\/\/medmal.com.tr\/tr\/wp-json\/wp\/v2\/product\/43137","targetHints":{"allow":["GET"]}}],"collection":[{"href":"https:\/\/medmal.com.tr\/tr\/wp-json\/wp\/v2\/product"}],"about":[{"href":"https:\/\/medmal.com.tr\/tr\/wp-json\/wp\/v2\/types\/product"}],"replies":[{"embeddable":true,"href":"https:\/\/medmal.com.tr\/tr\/wp-json\/wp\/v2\/comments?post=43137"}],"wp:featuredmedia":[{"embeddable":true,"href":"https:\/\/medmal.com.tr\/tr\/wp-json\/wp\/v2\/media\/23178"}],"wp:attachment":[{"href":"https:\/\/medmal.com.tr\/tr\/wp-json\/wp\/v2\/media?parent=43137"}],"wp:term":[{"taxonomy":"product_brand","embeddable":true,"href":"https:\/\/medmal.com.tr\/tr\/wp-json\/wp\/v2\/product_brand?post=43137"},{"taxonomy":"product_cat","embeddable":true,"href":"https:\/\/medmal.com.tr\/tr\/wp-json\/wp\/v2\/product_cat?post=43137"},{"taxonomy":"product_tag","embeddable":true,"href":"https:\/\/medmal.com.tr\/tr\/wp-json\/wp\/v2\/product_tag?post=43137"}],"curies":[{"name":"wp","href":"https:\/\/api.w.org\/{rel}","templated":true}]}}