{"id":43095,"date":"2022-09-03T22:54:41","date_gmt":"2022-09-03T22:54:41","guid":{"rendered":"https:\/\/medmal.com.tr\/product\/cricchetto-circirli-dis-implanti-anahtari\/"},"modified":"2022-09-03T22:54:41","modified_gmt":"2022-09-03T22:54:41","slug":"cricchetto-2","status":"publish","type":"product","link":"https:\/\/medmal.com.tr\/tr\/product\/cricchetto-2\/","title":{"rendered":"Cricchetto &#8211; C\u0131rc\u0131rl\u0131 di\u015f implant\u0131 anahtar\u0131"},"content":{"rendered":"<div class=\"row\">\n<div class=\"large-12 columns margin-bottom-10\">\n<div class=\"sc-1a7juzs-0 kmmnYk sc-1w8z6ht-5 cBFfGP\" data-cy=\"\">\n<div class=\"sc-1a7juzs-1 fFDaJv TileInset\">\n<div class=\"sc-3fi1by-1 chZLCL\">\n<div class=\"sc-3fi1by-0 hlEuXW\">\n<div class=\"sc-1a7juzs-0 kmmnYk sc-1w8z6ht-5 cBFfGP\" data-cy=\"\">\n<div class=\"sc-1a7juzs-1 fFDaJv TileInset\">\n<div class=\"sc-3fi1by-1 chZLCL\">\n<div class=\"sc-3fi1by-0 hlEuXW\">\n<div class=\"sc-1a7juzs-0 kmmnYk sc-1w8z6ht-5 cBFfGP\" data-cy=\"\">\n<div class=\"sc-1a7juzs-1 fFDaJv TileInset\">\n<div class=\"sc-3fi1by-1 chZLCL\">\n<div class=\"sc-3fi1by-0 hlEuXW\">\n<div class=\"sc-1a7juzs-0 kmmnYk sc-1w8z6ht-5 cBFfGP\" data-cy=\"\">\n<div class=\"sc-1a7juzs-1 fFDaJv TileInset\">\n<div class=\"sc-3fi1by-1 chZLCL\">\n<div class=\"sc-3fi1by-0 hlEuXW\">\n<div class=\"sc-1a7juzs-0 kmmnYk sc-1w8z6ht-5 cBFfGP\" data-cy=\"\">\n<div class=\"sc-1a7juzs-1 fFDaJv TileInset\">\n<div class=\"sc-3fi1by-1 chZLCL\">\n<div class=\"sc-3fi1by-0 hlEuXW\">\u0130mplantlar\u0131 15 ila 70 Ncm aras\u0131nda bir tork de\u011feriyle s\u0131kmak i\u00e7in dinamometrik c\u0131rc\u0131r.<\/div>\n<div><\/div>\n<div class=\"sc-3fi1by-0 hlEuXW\">NSI c\u0131rc\u0131rlar\u0131 elektro-parlat\u0131lm\u0131\u015f y\u00fcksek kaliteli 174ph veya AISI 630 medikal \u00e7elikten \u00fcretilir ve NSI %100 Made in Italy sertifikas\u0131na sahiptir.<\/div>\n<\/div>\n<\/div>\n<\/div>\n<div class=\"sc-1a7juzs-0 kmmnYk sc-1w8z6ht-5 cBFfGP\" data-cy=\"\">\n<div class=\"sc-1a7juzs-1 fFDaJv TileInset\"><\/div>\n<\/div>\n<\/div>\n<\/div>\n<\/div>\n<\/div>\n<\/div>\n<\/div>\n<\/div>\n<\/div>\n<\/div>\n<\/div>\n<\/div>\n<\/div>\n<\/div>\n<\/div>\n<\/div>\n<\/div>\n<\/div>\n<\/div>\n","protected":false},"excerpt":{"rendered":"<p>\u0130mplantlar\u0131 15 ila 70 Ncm aras\u0131nda bir tork de\u011feriyle s\u0131kmak i\u00e7in dinamometrik c\u0131rc\u0131r.<\/p>\n","protected":false},"featured_media":23174,"comment_status":"closed","ping_status":"closed","template":"","meta":[],"product_brand":[],"product_cat":[340],"product_tag":[356,352,351],"class_list":{"0":"post-43095","1":"product","2":"type-product","3":"status-publish","4":"has-post-thumbnail","6":"product_cat-matkaplar","7":"product_tag-ayarlanabilir","8":"product_tag-dis-implantlari-icin","9":"product_tag-tork","11":"first","12":"instock","13":"shipping-taxable","14":"product-type-simple"},"_links":{"self":[{"href":"https:\/\/medmal.com.tr\/tr\/wp-json\/wp\/v2\/product\/43095","targetHints":{"allow":["GET"]}}],"collection":[{"href":"https:\/\/medmal.com.tr\/tr\/wp-json\/wp\/v2\/product"}],"about":[{"href":"https:\/\/medmal.com.tr\/tr\/wp-json\/wp\/v2\/types\/product"}],"replies":[{"embeddable":true,"href":"https:\/\/medmal.com.tr\/tr\/wp-json\/wp\/v2\/comments?post=43095"}],"wp:featuredmedia":[{"embeddable":true,"href":"https:\/\/medmal.com.tr\/tr\/wp-json\/wp\/v2\/media\/23174"}],"wp:attachment":[{"href":"https:\/\/medmal.com.tr\/tr\/wp-json\/wp\/v2\/media?parent=43095"}],"wp:term":[{"taxonomy":"product_brand","embeddable":true,"href":"https:\/\/medmal.com.tr\/tr\/wp-json\/wp\/v2\/product_brand?post=43095"},{"taxonomy":"product_cat","embeddable":true,"href":"https:\/\/medmal.com.tr\/tr\/wp-json\/wp\/v2\/product_cat?post=43095"},{"taxonomy":"product_tag","embeddable":true,"href":"https:\/\/medmal.com.tr\/tr\/wp-json\/wp\/v2\/product_tag?post=43095"}],"curies":[{"name":"wp","href":"https:\/\/api.w.org\/{rel}","templated":true}]}}