{"id":43093,"date":"2022-09-04T23:25:54","date_gmt":"2022-09-04T23:25:54","guid":{"rendered":"https:\/\/medmal.com.tr\/product\/dental-implant-dis-surucusu\/"},"modified":"2022-09-04T23:25:54","modified_gmt":"2022-09-04T23:25:54","slug":"dental-implant-dental-surucu2","status":"publish","type":"product","link":"https:\/\/medmal.com.tr\/tr\/product\/dental-implant-dental-surucu2\/","title":{"rendered":"Dental implant di\u015f s\u00fcr\u00fcc\u00fcs\u00fc"},"content":{"rendered":"<div class=\"row\">\n<div class=\"large-12 columns margin-bottom-10\">\n<div class=\"sc-1a7juzs-0 kmmnYk sc-1w8z6ht-5 cBFfGP\" data-cy=\"\">\n<div class=\"sc-1a7juzs-1 fFDaJv TileInset\">\n<div class=\"sc-3fi1by-1 chZLCL\">\n<div class=\"sc-3fi1by-0 hlEuXW\">\n<div class=\"sc-1a7juzs-0 kmmnYk sc-1w8z6ht-5 cBFfGP\" data-cy=\"\">\n<div class=\"sc-1a7juzs-1 fFDaJv TileInset\">\n<div class=\"sc-3fi1by-1 chZLCL\">\n<div class=\"sc-3fi1by-0 hlEuXW\">\n<div class=\"sc-1a7juzs-0 kmmnYk sc-1w8z6ht-5 cBFfGP\" data-cy=\"\">\n<div class=\"sc-1a7juzs-1 fFDaJv TileInset\">\n<div class=\"sc-3fi1by-1 chZLCL\">\n<div class=\"sc-3fi1by-0 hlEuXW\">\n<div class=\"sc-1a7juzs-0 kmmnYk sc-1w8z6ht-5 cBFfGP\" data-cy=\"\">\n<div class=\"sc-1a7juzs-1 fFDaJv TileInset\">\n<div class=\"sc-3fi1by-1 chZLCL\">\n<div class=\"sc-3fi1by-0 hlEuXW\">\n<div class=\"sc-1a7juzs-0 kmmnYk sc-1w8z6ht-5 cBFfGP\" data-cy=\"\">\n<div class=\"sc-1a7juzs-1 fFDaJv TileInset\">\n<div class=\"sc-3fi1by-1 chZLCL\">\n<div class=\"sc-3fi1by-0 hlEuXW\">\n<div class=\"sc-1a7juzs-0 kmmnYk sc-1w8z6ht-5 cBFfGP\" data-cy=\"\">\n<div class=\"sc-1a7juzs-1 fFDaJv TileInset\">\n<div class=\"sc-3fi1by-1 chZLCL\">\n<div class=\"sc-3fi1by-0 hlEuXW\">\n<div class=\"sc-1a7juzs-0 kmmnYk sc-1w8z6ht-5 cBFfGP\" data-cy=\"\">\n<div class=\"sc-1a7juzs-1 fFDaJv TileInset\">\n<div class=\"sc-3fi1by-1 chZLCL\">\n<div class=\"sc-3fi1by-0 hlEuXW\">NSI monofazik implantlar\u0131 s\u0131kmak i\u00e7in montaj cihaz\u0131: Maxifix, Maxifix Compressive, Basali, MX Hybrid.<\/div>\n<div><\/div>\n<div class=\"sc-3fi1by-0 hlEuXW\">\u0130ki versiyonu mevcuttur:<\/div>\n<ul>\n<li class=\"sc-3fi1by-0 hlEuXW\">0012ML-S k\u0131sa sapl\u0131<\/li>\n<li class=\"sc-3fi1by-0 hlEuXW\">0012ML-L uzun sapl\u0131<\/li>\n<\/ul>\n<div><\/div>\n<div class=\"sc-3fi1by-0 hlEuXW\">NSI monofazik mounterlar y\u00fcksek kaliteli AISI 630 medikal \u00e7elikten \u00fcretilmi\u015f olup, NSI taraf\u0131ndan %100 Made in Italy olarak \u00fcretilmi\u015f ve sertifikaland\u0131r\u0131lm\u0131\u015ft\u0131r.<\/div>\n<\/div>\n<\/div>\n<\/div>\n<div class=\"sc-1a7juzs-0 kmmnYk sc-1w8z6ht-5 cBFfGP\" data-cy=\"\">\n<div class=\"sc-1a7juzs-1 fFDaJv TileInset\"><\/div>\n<\/div>\n<\/div>\n<\/div>\n<\/div>\n<\/div>\n<\/div>\n<\/div>\n<\/div>\n<\/div>\n<\/div>\n<\/div>\n<\/div>\n<\/div>\n<\/div>\n<\/div>\n<\/div>\n<\/div>\n<\/div>\n<\/div>\n<\/div>\n<\/div>\n<\/div>\n<\/div>\n<\/div>\n<\/div>\n<\/div>\n<\/div>\n","protected":false},"excerpt":{"rendered":"<p>MX HYBRID &#8211; M\u00dcKEMMEL F\u00dcZYON SINIRSIZ ANINDA Y\u00dcKLEME<\/p>\n","protected":false},"featured_media":23182,"comment_status":"closed","ping_status":"closed","template":"","meta":[],"product_brand":[],"product_cat":[340],"product_tag":[350],"class_list":{"0":"post-43093","1":"product","2":"type-product","3":"status-publish","4":"has-post-thumbnail","6":"product_cat-matkaplar","7":"product_tag-el-aleti","9":"first","10":"instock","11":"shipping-taxable","12":"product-type-simple"},"_links":{"self":[{"href":"https:\/\/medmal.com.tr\/tr\/wp-json\/wp\/v2\/product\/43093","targetHints":{"allow":["GET"]}}],"collection":[{"href":"https:\/\/medmal.com.tr\/tr\/wp-json\/wp\/v2\/product"}],"about":[{"href":"https:\/\/medmal.com.tr\/tr\/wp-json\/wp\/v2\/types\/product"}],"replies":[{"embeddable":true,"href":"https:\/\/medmal.com.tr\/tr\/wp-json\/wp\/v2\/comments?post=43093"}],"wp:featuredmedia":[{"embeddable":true,"href":"https:\/\/medmal.com.tr\/tr\/wp-json\/wp\/v2\/media\/23182"}],"wp:attachment":[{"href":"https:\/\/medmal.com.tr\/tr\/wp-json\/wp\/v2\/media?parent=43093"}],"wp:term":[{"taxonomy":"product_brand","embeddable":true,"href":"https:\/\/medmal.com.tr\/tr\/wp-json\/wp\/v2\/product_brand?post=43093"},{"taxonomy":"product_cat","embeddable":true,"href":"https:\/\/medmal.com.tr\/tr\/wp-json\/wp\/v2\/product_cat?post=43093"},{"taxonomy":"product_tag","embeddable":true,"href":"https:\/\/medmal.com.tr\/tr\/wp-json\/wp\/v2\/product_tag?post=43093"}],"curies":[{"name":"wp","href":"https:\/\/api.w.org\/{rel}","templated":true}]}}