{"id":43072,"date":"2022-09-04T23:29:05","date_gmt":"2022-09-04T23:29:05","guid":{"rendered":"https:\/\/medmal.com.tr\/product\/bundle-dental-implant-cerrahisi-ameliyat-kiti\/"},"modified":"2022-09-04T23:29:05","modified_gmt":"2022-09-04T23:29:05","slug":"paket","status":"publish","type":"product","link":"https:\/\/medmal.com.tr\/tr\/product\/paket\/","title":{"rendered":"BUNDLE &#8211; Dental implant cerrahisi ameliyat kiti"},"content":{"rendered":"<div class=\"row\">\n<div class=\"large-12 columns margin-bottom-10\">\n<div class=\"sc-1a7juzs-0 kmmnYk sc-1w8z6ht-5 cBFfGP\" data-cy=\"\">\n<div class=\"sc-1a7juzs-1 fFDaJv TileInset\">\n<div class=\"sc-3fi1by-1 chZLCL\">\n<div class=\"sc-3fi1by-0 hlEuXW\">\n<div class=\"sc-1a7juzs-0 kmmnYk sc-1w8z6ht-5 cBFfGP\" data-cy=\"\">\n<div class=\"sc-1a7juzs-1 fFDaJv TileInset\">\n<div class=\"sc-3fi1by-1 chZLCL\">\n<div class=\"sc-3fi1by-0 hlEuXW\">\n<div class=\"sc-1a7juzs-0 kmmnYk sc-1w8z6ht-5 cBFfGP\" data-cy=\"\">\n<div class=\"sc-1a7juzs-1 fFDaJv TileInset\">\n<div class=\"sc-3fi1by-1 chZLCL\">\n<div class=\"sc-3fi1by-0 hlEuXW\">\n<div class=\"sc-1a7juzs-0 kmmnYk sc-1w8z6ht-5 cBFfGP\" data-cy=\"\">\n<div class=\"sc-1a7juzs-1 fFDaJv TileInset\">\n<div class=\"sc-3fi1by-1 chZLCL\">\n<div class=\"sc-3fi1by-0 hlEuXW\">\n<div class=\"sc-1a7juzs-0 kmmnYk sc-1w8z6ht-5 cBFfGP\" data-cy=\"\">\n<div class=\"sc-1a7juzs-1 fFDaJv TileInset\">\n<div class=\"sc-3fi1by-1 chZLCL\">\n<div class=\"sc-3fi1by-0 hlEuXW\">\n<div class=\"sc-1a7juzs-0 kmmnYk sc-1w8z6ht-5 cBFfGP\" data-cy=\"\">\n<div class=\"sc-1a7juzs-1 fFDaJv TileInset\">\n<div class=\"sc-3fi1by-1 chZLCL\">\n<div class=\"sc-3fi1by-0 hlEuXW\">\n<div class=\"sc-1a7juzs-0 kmmnYk sc-1w8z6ht-5 cBFfGP\" data-cy=\"\">\n<div class=\"sc-1a7juzs-1 fFDaJv TileInset\">\n<div class=\"sc-3fi1by-1 chZLCL\">\n<div class=\"sc-3fi1by-0 hlEuXW\">\n<div class=\"sc-1a7juzs-0 kmmnYk sc-1w8z6ht-5 cBFfGP\" data-cy=\"\">\n<div class=\"sc-1a7juzs-1 fFDaJv TileInset\">\n<div class=\"sc-3fi1by-1 chZLCL\">\n<h2 class=\"sc-3fi1by-0 hlEuXW\">UYGULAMALI BIKORTIKALIZM<\/h2>\n<div class=\"sc-3fi1by-0 hlEuXW\">Mini-invaziv implantolojimizi ke\u015ffetmeye gelin.<\/div>\n<div><\/div>\n<h3 class=\"sc-3fi1by-0 hlEuXW\">TEORI\u0307K VE UYGULAMALI KURS<\/h3>\n<ul>\n<li class=\"sc-3fi1by-0 hlEuXW\">Klinik vakalar\u0131n sunumu ve planlanmas\u0131<\/li>\n<li class=\"sc-3fi1by-0 hlEuXW\">BT analizi<\/li>\n<li class=\"sc-3fi1by-0 hlEuXW\">anatomi\u0307 anali\u0307zi\u0307<\/li>\n<li class=\"sc-3fi1by-0 hlEuXW\">dental implantlar\u0131n planlanmas\u0131 ve se\u00e7imi<\/li>\n<li class=\"sc-3fi1by-0 hlEuXW\">MX Hybrid pterygoid implant\u0131n kullan\u0131m\u0131 ve konumland\u0131r\u0131lmas\u0131<\/li>\n<li class=\"sc-3fi1by-0 hlEuXW\">monofazik implantlar\u0131n yerle\u015ftirilmesi<\/li>\n<li class=\"sc-3fi1by-0 hlEuXW\">model \u00fczerinde dijital tarama<\/li>\n<li class=\"sc-3fi1by-0 hlEuXW\">implantlar\u0131n b\u00fck\u00fclmesi ve provizyonun konumland\u0131r\u0131lmas\u0131<\/li>\n<li class=\"sc-3fi1by-0 hlEuXW\">kapaklar\u0131n kayna\u011f\u0131<\/li>\n<li class=\"sc-3fi1by-0 hlEuXW\">uzun vadeli\u0307 ge\u00e7i\u0307ci\u0307 planin sonu\u00e7landirilmasi<\/li>\n<\/ul>\n<div><\/div>\n<h2 class=\"sc-3fi1by-0 hlEuXW\">HAYVAN VE SENTETIK MODELLER \u00dcZERINDE UYGULAMA + CANLI CERRAHI<\/h2>\n<h3 class=\"sc-3fi1by-0 hlEuXW\">HERKES I\u00c7IN IMMEDIAT Y\u00dcKLEME IMPLANTOLOJISI<\/h3>\n<div class=\"sc-3fi1by-0 hlEuXW\">Hastan\u0131za ne sunmak istiyorsunuz? Hasta i\u00e7in problem \u00e7\u00f6zme ile birlikte tek bir anatomi b\u00fcy\u00fctme kursunda NSI implantlar\u0131n\u0131n yerle\u015ftirilmesini tan\u0131y\u0131n, deneyin ve test edin.<\/div>\n<h3 class=\"sc-3fi1by-0 hlEuXW\">\u00c7OK Y\u00dcKSEK PERFORMANSLI BIR \u00c7\u00d6Z\u00dcM<\/h3>\n<div class=\"sc-3fi1by-0 hlEuXW\">Her \u00fcr\u00fcn\u00fc an\u0131nda y\u00fckleme ile maksimum performans elde edecek \u015fekilde tasarl\u0131yoruz. Minimum invazivlik, basitlik ve garantili uygulama h\u0131z\u0131: bunlar, \u00f6zel ve patentli logaritmaya sahip sistemlerimizin tasar\u0131m\u0131n\u0131n dayand\u0131\u011f\u0131 \u00f6nc\u00fcllerdir.<\/div>\n<h3 class=\"sc-3fi1by-0 hlEuXW\">ADIM ADIM CERRAHI\u0307 REHBER!<\/h3>\n<div class=\"sc-3fi1by-0 hlEuXW\">Tek bir matkapla mini-invaziv acil y\u00fckleme<\/div>\n<\/div>\n<\/div>\n<\/div>\n<\/div>\n<\/div>\n<\/div>\n<\/div>\n<\/div>\n<\/div>\n<\/div>\n<\/div>\n<\/div>\n<\/div>\n<\/div>\n<\/div>\n<\/div>\n<\/div>\n<\/div>\n<\/div>\n<\/div>\n<\/div>\n<\/div>\n<\/div>\n<\/div>\n<\/div>\n<\/div>\n<\/div>\n<\/div>\n<\/div>\n<\/div>\n<\/div>\n<\/div>\n<\/div>\n","protected":false},"excerpt":{"rendered":"<p>Mini-invaziv implantolojimizi ke\u015ffetmeye gelin.<\/p>\n","protected":false},"featured_media":23190,"comment_status":"closed","ping_status":"closed","template":"","meta":[],"product_brand":[],"product_cat":[323],"product_tag":[346],"class_list":{"0":"post-43072","1":"product","2":"type-product","3":"status-publish","4":"has-post-thumbnail","6":"product_cat-kitler","7":"product_tag-ozellestirilebilir","9":"first","10":"instock","11":"shipping-taxable","12":"product-type-simple"},"_links":{"self":[{"href":"https:\/\/medmal.com.tr\/tr\/wp-json\/wp\/v2\/product\/43072","targetHints":{"allow":["GET"]}}],"collection":[{"href":"https:\/\/medmal.com.tr\/tr\/wp-json\/wp\/v2\/product"}],"about":[{"href":"https:\/\/medmal.com.tr\/tr\/wp-json\/wp\/v2\/types\/product"}],"replies":[{"embeddable":true,"href":"https:\/\/medmal.com.tr\/tr\/wp-json\/wp\/v2\/comments?post=43072"}],"wp:featuredmedia":[{"embeddable":true,"href":"https:\/\/medmal.com.tr\/tr\/wp-json\/wp\/v2\/media\/23190"}],"wp:attachment":[{"href":"https:\/\/medmal.com.tr\/tr\/wp-json\/wp\/v2\/media?parent=43072"}],"wp:term":[{"taxonomy":"product_brand","embeddable":true,"href":"https:\/\/medmal.com.tr\/tr\/wp-json\/wp\/v2\/product_brand?post=43072"},{"taxonomy":"product_cat","embeddable":true,"href":"https:\/\/medmal.com.tr\/tr\/wp-json\/wp\/v2\/product_cat?post=43072"},{"taxonomy":"product_tag","embeddable":true,"href":"https:\/\/medmal.com.tr\/tr\/wp-json\/wp\/v2\/product_tag?post=43072"}],"curies":[{"name":"wp","href":"https:\/\/api.w.org\/{rel}","templated":true}]}}