{"id":43070,"date":"2022-09-03T22:43:18","date_gmt":"2022-09-03T22:43:18","guid":{"rendered":"https:\/\/medmal.com.tr\/product\/kilavuzlu-cerrahi-matkap-ucu\/"},"modified":"2022-09-03T22:43:18","modified_gmt":"2022-09-03T22:43:18","slug":"gudumlu-cerrahi-delici-bit","status":"publish","type":"product","link":"https:\/\/medmal.com.tr\/tr\/product\/gudumlu-cerrahi-delici-bit\/","title":{"rendered":"K\u0131lavuzlu cerrahi matkap ucu"},"content":{"rendered":"<div class=\"row\">\n<div class=\"large-12 columns margin-bottom-10\">\n<div class=\"sc-1a7juzs-0 kmmnYk sc-1w8z6ht-5 cBFfGP\" data-cy=\"\">\n<div class=\"sc-1a7juzs-1 fFDaJv TileInset\">\n<div class=\"sc-3fi1by-1 chZLCL\">\n<div class=\"sc-3fi1by-0 hlEuXW\">\n<div class=\"sc-1a7juzs-0 kmmnYk sc-1w8z6ht-5 cBFfGP\" data-cy=\"\">\n<div class=\"sc-1a7juzs-1 fFDaJv TileInset\">\n<div class=\"sc-3fi1by-1 chZLCL\">\n<div class=\"sc-3fi1by-0 hlEuXW\">\n<div class=\"sc-1a7juzs-0 kmmnYk sc-1w8z6ht-5 cBFfGP\" data-cy=\"\">\n<div class=\"sc-1a7juzs-1 fFDaJv TileInset\">\n<div class=\"sc-3fi1by-1 chZLCL\">\n<div class=\"sc-3fi1by-0 hlEuXW\">\n<div class=\"sc-1a7juzs-0 kmmnYk sc-1w8z6ht-5 cBFfGP\" data-cy=\"\">\n<div class=\"sc-1a7juzs-1 fFDaJv TileInset\">\n<div class=\"sc-3fi1by-1 chZLCL\">\n<div class=\"sc-3fi1by-0 hlEuXW\">\n<div class=\"sc-1a7juzs-0 kmmnYk sc-1w8z6ht-5 cBFfGP\" data-cy=\"\">\n<div class=\"sc-1a7juzs-1 fFDaJv TileInset\">\n<div class=\"sc-3fi1by-1 chZLCL\">\n<h2 class=\"sc-3fi1by-0 hlEuXW\">K\u0131lavuzlu implantoloji i\u00e7in \u00fcniversal matkap.<\/h2>\n<div><\/div>\n<div class=\"sc-3fi1by-0 hlEuXW\"><strong>K\u0131lavuzlu implantoloji i\u00e7in matkap \u00f6l\u00e7\u00fcmleri:<\/strong><\/div>\n<ul>\n<li class=\"sc-3fi1by-0 hlEuXW\">2,8 mm, uzunluk 29 mm<\/li>\n<li class=\"sc-3fi1by-0 hlEuXW\">3,4 mm, uzunluk 29 mm<\/li>\n<li class=\"sc-3fi1by-0 hlEuXW\">3,8 mm, uzunluk 29 mm<\/li>\n<li class=\"sc-3fi1by-0 hlEuXW\">4,5 mm, uzunluk 29 mm<\/li>\n<\/ul>\n<div><\/div>\n<div class=\"sc-3fi1by-0 hlEuXW\"><strong>K\u0131lavuzlu implantoloji i\u00e7in pilot matkap \u00f6l\u00e7\u00fcmleri:<\/strong><\/div>\n<ul>\n<li class=\"sc-3fi1by-0 hlEuXW\">2,0 mm uzunluk 25 mm<\/li>\n<\/ul>\n<div><\/div>\n<div class=\"sc-3fi1by-0 hlEuXW\">AISI 630 medikal \u00e7elikten (174 PH) yap\u0131lm\u0131\u015ft\u0131r.<\/div>\n<div class=\"sc-3fi1by-0 hlEuXW\">Lazer referans i\u015faretlerine sahiptir.<\/div>\n<div class=\"sc-3fi1by-0 hlEuXW\">Derinlik durdurucunun kullan\u0131m\u0131 i\u00e7in \u00f6zel.<\/div>\n<div class=\"sc-3fi1by-0 hlEuXW\">K\u0131lavuzlu implantoloji i\u00e7in \u00f6zel.<\/div>\n<\/div>\n<\/div>\n<\/div>\n<div class=\"sc-1a7juzs-0 kmmnYk sc-1w8z6ht-5 cBFfGP\" data-cy=\"\">\n<div class=\"sc-1a7juzs-1 fFDaJv TileInset\"><\/div>\n<\/div>\n<\/div>\n<\/div>\n<\/div>\n<\/div>\n<\/div>\n<\/div>\n<\/div>\n<\/div>\n<\/div>\n<\/div>\n<\/div>\n<\/div>\n<\/div>\n<\/div>\n<\/div>\n<\/div>\n<\/div>\n<\/div>\n","protected":false},"excerpt":{"rendered":"<p class=\"sc-3fi1by-0 hlEuXW\">K\u0131lavuzlu implantoloji i\u00e7in \u00fcniversal matkap.<\/p>\n<div><\/div>\n<div class=\"sc-3fi1by-0 hlEuXW\"><\/div>\n","protected":false},"featured_media":23164,"comment_status":"closed","ping_status":"closed","template":"","meta":[],"product_brand":[],"product_cat":[340],"product_tag":[348,343,345],"class_list":{"0":"post-43070","1":"product","2":"type-product","3":"status-publish","4":"has-post-thumbnail","6":"product_cat-matkaplar","7":"product_tag-dental-implantoloji-icin","8":"product_tag-kesme","9":"product_tag-metalik","11":"first","12":"instock","13":"shipping-taxable","14":"product-type-simple"},"_links":{"self":[{"href":"https:\/\/medmal.com.tr\/tr\/wp-json\/wp\/v2\/product\/43070","targetHints":{"allow":["GET"]}}],"collection":[{"href":"https:\/\/medmal.com.tr\/tr\/wp-json\/wp\/v2\/product"}],"about":[{"href":"https:\/\/medmal.com.tr\/tr\/wp-json\/wp\/v2\/types\/product"}],"replies":[{"embeddable":true,"href":"https:\/\/medmal.com.tr\/tr\/wp-json\/wp\/v2\/comments?post=43070"}],"wp:featuredmedia":[{"embeddable":true,"href":"https:\/\/medmal.com.tr\/tr\/wp-json\/wp\/v2\/media\/23164"}],"wp:attachment":[{"href":"https:\/\/medmal.com.tr\/tr\/wp-json\/wp\/v2\/media?parent=43070"}],"wp:term":[{"taxonomy":"product_brand","embeddable":true,"href":"https:\/\/medmal.com.tr\/tr\/wp-json\/wp\/v2\/product_brand?post=43070"},{"taxonomy":"product_cat","embeddable":true,"href":"https:\/\/medmal.com.tr\/tr\/wp-json\/wp\/v2\/product_cat?post=43070"},{"taxonomy":"product_tag","embeddable":true,"href":"https:\/\/medmal.com.tr\/tr\/wp-json\/wp\/v2\/product_tag?post=43070"}],"curies":[{"name":"wp","href":"https:\/\/api.w.org\/{rel}","templated":true}]}}