{"id":43056,"date":"2022-09-04T23:32:59","date_gmt":"2022-09-04T23:32:59","guid":{"rendered":"https:\/\/medmal.com.tr\/product\/deluxe-box-silindro-konik-dental-implant\/"},"modified":"2022-09-04T23:32:59","modified_gmt":"2022-09-04T23:32:59","slug":"deluxe-box-2","status":"publish","type":"product","link":"https:\/\/medmal.com.tr\/tr\/product\/deluxe-box-2\/","title":{"rendered":"DELUXE BOX &#8211; Silindro-konik dental implant"},"content":{"rendered":"<div class=\"row\">\n<div class=\"large-12 columns margin-bottom-10\">\n<div class=\"sc-1a7juzs-0 kmmnYk sc-1w8z6ht-5 cBFfGP\" data-cy=\"\">\n<div class=\"sc-1a7juzs-1 fFDaJv TileInset\">\n<div class=\"sc-3fi1by-1 chZLCL\">\n<div class=\"sc-3fi1by-0 hlEuXW\">\n<div class=\"sc-1a7juzs-0 kmmnYk sc-1w8z6ht-5 cBFfGP\" data-cy=\"\">\n<div class=\"sc-1a7juzs-1 fFDaJv TileInset\">\n<div class=\"sc-3fi1by-1 chZLCL\">\n<div class=\"sc-3fi1by-0 hlEuXW\">\n<div class=\"sc-1a7juzs-0 kmmnYk sc-1w8z6ht-5 cBFfGP\" data-cy=\"\">\n<div class=\"sc-1a7juzs-1 fFDaJv TileInset\">\n<div class=\"sc-3fi1by-1 chZLCL\">\n<div class=\"sc-3fi1by-0 hlEuXW\">\n<div class=\"sc-1a7juzs-0 kmmnYk sc-1w8z6ht-5 cBFfGP\" data-cy=\"\">\n<div class=\"sc-1a7juzs-1 fFDaJv TileInset\">\n<div class=\"sc-3fi1by-1 chZLCL\">\n<div class=\"sc-3fi1by-0 hlEuXW\">\n<div class=\"sc-1a7juzs-0 kmmnYk sc-1w8z6ht-5 cBFfGP\" data-cy=\"\">\n<div class=\"sc-1a7juzs-1 fFDaJv TileInset\">\n<div class=\"sc-3fi1by-1 chZLCL\">\n<div class=\"sc-3fi1by-0 hlEuXW\">\n<div class=\"sc-1a7juzs-0 kmmnYk sc-1w8z6ht-5 cBFfGP\" data-cy=\"\">\n<div class=\"sc-1a7juzs-1 fFDaJv TileInset\">\n<div class=\"sc-3fi1by-1 chZLCL\">\n<div class=\"sc-3fi1by-0 hlEuXW\">\n<div class=\"sc-1a7juzs-0 kmmnYk sc-1w8z6ht-5 cBFfGP\" data-cy=\"\">\n<div class=\"sc-1a7juzs-1 fFDaJv TileInset\">\n<div class=\"sc-3fi1by-1 chZLCL\">\n<div class=\"sc-3fi1by-0 hlEuXW\">\n<div class=\"sc-1a7juzs-0 kmmnYk sc-1w8z6ht-5 cBFfGP\" data-cy=\"\">\n<div class=\"sc-1a7juzs-1 fFDaJv TileInset\">\n<div class=\"sc-3fi1by-1 chZLCL\">\n<div class=\"sc-3fi1by-0 hlEuXW\">\n<div class=\"sc-1a7juzs-0 kmmnYk sc-1w8z6ht-5 cBFfGP\" data-cy=\"\">\n<div class=\"sc-1a7juzs-1 fFDaJv TileInset\">\n<div class=\"sc-3fi1by-1 chZLCL\">\n<div class=\"sc-3fi1by-0 hlEuXW\">\n<div class=\"sc-1a7juzs-0 kmmnYk sc-1w8z6ht-5 cBFfGP\" data-cy=\"\">\n<div class=\"sc-1a7juzs-1 fFDaJv TileInset\">\n<div class=\"sc-3fi1by-1 chZLCL\">\n<div class=\"sc-3fi1by-0 hlEuXW\"> <strong>DELUXE BOX<\/strong>, se\u00e7ti\u011finiz 23 implant\u0131, evrensel bir cerrahi kiti ve 3D cerrahi k\u0131lavuz ile bir klinik vakan\u0131n planlanmas\u0131n\u0131 ve ger\u00e7ekle\u015ftirilmesini hediye olarak i\u00e7erir.<\/div>\n<div><\/div>\n<div class=\"sc-3fi1by-0 hlEuXW\"> <strong>NSI<\/strong> \u00fcr\u00fcn yelpazesinin tamam\u0131n\u0131 elinizin alt\u0131nda bulundurmak ve tek implanttan \u00e7ekim sonras\u0131, pterygoid veya mandibular sinir bypass&#8217;\u0131na kadar her vakay\u0131, dental yard\u0131m ve cerrahi k\u0131lavuzun planlanmas\u0131 sayesinde tamamen g\u00fcvenli bir \u015fekilde ele almak i\u00e7in HER \u015eEYE <strong>\u00d6ZEL<\/strong> bir \u00e7\u00f6z\u00fcm.<\/div>\n<div><\/div>\n<div class=\"sc-3fi1by-0 hlEuXW\">\u0130mplantlar\u0131n\u0131z\u0131, an\u0131nda y\u00fckleme i\u00e7in ideal olan, 16 \u00e7ap ve 12 uzunlukta mevcut alt\u0131 monofazik ve bifazik <strong>NSI<\/strong> modeli aras\u0131ndan se\u00e7ebilirsiniz.<\/div>\n<div><\/div>\n<div class=\"sc-3fi1by-0 hlEuXW\">NSI her implant\u0131 steril tek kullan\u0131ml\u0131k protez kiti ile birlikte tedarik eder.<\/div>\n<\/div>\n<\/div>\n<\/div>\n<div class=\"sc-1a7juzs-0 kmmnYk sc-1w8z6ht-5 cBFfGP\" data-cy=\"\"><\/div>\n<\/div>\n<\/div>\n<\/div>\n<\/div>\n<\/div>\n<\/div>\n<\/div>\n<\/div>\n<\/div>\n<\/div>\n<\/div>\n<\/div>\n<\/div>\n<\/div>\n<\/div>\n<\/div>\n<\/div>\n<\/div>\n<\/div>\n<\/div>\n<\/div>\n<\/div>\n<\/div>\n<\/div>\n<\/div>\n<\/div>\n<\/div>\n<\/div>\n<\/div>\n<\/div>\n<\/div>\n<\/div>\n<\/div>\n<\/div>\n<\/div>\n<\/div>\n<p>&nbsp;<\/p>\n<\/div>\n<\/div>\n","protected":false},"excerpt":{"rendered":"<p> <strong>DELUXE BOX<\/strong>, se\u00e7ti\u011finiz 23 implant\u0131, evrensel bir cerrahi kiti ve 3D cerrahi k\u0131lavuz ile bir klinik vakan\u0131n planlanmas\u0131n\u0131 ve ger\u00e7ekle\u015ftirilmesini hediye olarak i\u00e7erir.<\/p>\n","protected":false},"featured_media":23212,"comment_status":"closed","ping_status":"closed","template":"","meta":[],"product_brand":[],"product_cat":[323],"product_tag":[325,326,324],"class_list":{"0":"post-43056","1":"product","2":"type-product","3":"status-publish","4":"has-post-thumbnail","6":"product_cat-kitler","7":"product_tag-dis","8":"product_tag-ic","9":"product_tag-titanyum","11":"first","12":"instock","13":"shipping-taxable","14":"product-type-simple"},"_links":{"self":[{"href":"https:\/\/medmal.com.tr\/tr\/wp-json\/wp\/v2\/product\/43056","targetHints":{"allow":["GET"]}}],"collection":[{"href":"https:\/\/medmal.com.tr\/tr\/wp-json\/wp\/v2\/product"}],"about":[{"href":"https:\/\/medmal.com.tr\/tr\/wp-json\/wp\/v2\/types\/product"}],"replies":[{"embeddable":true,"href":"https:\/\/medmal.com.tr\/tr\/wp-json\/wp\/v2\/comments?post=43056"}],"wp:featuredmedia":[{"embeddable":true,"href":"https:\/\/medmal.com.tr\/tr\/wp-json\/wp\/v2\/media\/23212"}],"wp:attachment":[{"href":"https:\/\/medmal.com.tr\/tr\/wp-json\/wp\/v2\/media?parent=43056"}],"wp:term":[{"taxonomy":"product_brand","embeddable":true,"href":"https:\/\/medmal.com.tr\/tr\/wp-json\/wp\/v2\/product_brand?post=43056"},{"taxonomy":"product_cat","embeddable":true,"href":"https:\/\/medmal.com.tr\/tr\/wp-json\/wp\/v2\/product_cat?post=43056"},{"taxonomy":"product_tag","embeddable":true,"href":"https:\/\/medmal.com.tr\/tr\/wp-json\/wp\/v2\/product_tag?post=43056"}],"curies":[{"name":"wp","href":"https:\/\/api.w.org\/{rel}","templated":true}]}}