{"id":54033,"date":"2022-10-21T23:01:09","date_gmt":"2022-10-21T23:01:09","guid":{"rendered":"https:\/\/medmal.com.tr\/gizlilik-politikasi\/"},"modified":"2022-10-21T23:21:12","modified_gmt":"2022-10-21T23:21:12","slug":"gizlilik-politikasi","status":"publish","type":"page","link":"https:\/\/medmal.com.tr\/tr\/gizlilik-politikasi\/","title":{"rendered":"Gizlilik Politikas\u0131"},"content":{"rendered":"\t\t<div data-elementor-type=\"wp-page\" data-elementor-id=\"54033\" class=\"elementor elementor-54033\">\n\t\t\t\t\t\t<section class=\"elementor-section elementor-top-section elementor-element elementor-element-d53d548 elementor-section-boxed elementor-section-height-default elementor-section-height-default\" data-id=\"d53d548\" data-element_type=\"section\" data-e-type=\"section\">\n\t\t\t\t\t\t<div class=\"elementor-container elementor-column-gap-default\">\n\t\t\t\t\t<div class=\"elementor-column elementor-col-100 elementor-top-column elementor-element elementor-element-a27626c\" data-id=\"a27626c\" data-element_type=\"column\" data-e-type=\"column\">\n\t\t\t<div class=\"elementor-widget-wrap elementor-element-populated\">\n\t\t\t\t\t\t<div class=\"elementor-element elementor-element-9c56619 elementor-widget elementor-widget-heading\" data-id=\"9c56619\" data-element_type=\"widget\" data-e-type=\"widget\" data-widget_type=\"heading.default\">\n\t\t\t\t<div class=\"elementor-widget-container\">\n\t\t\t\t\t<h3 class=\"elementor-heading-title elementor-size-default\">Hangi bilgileri topluyoruz?<\/h3>\t\t\t\t<\/div>\n\t\t\t\t<\/div>\n\t\t\t\t<div class=\"elementor-element elementor-element-87081b7 elementor-widget elementor-widget-text-editor\" data-id=\"87081b7\" data-element_type=\"widget\" data-e-type=\"widget\" data-widget_type=\"text-editor.default\">\n\t\t\t\t<div class=\"elementor-widget-container\">\n\t\t\t\t\t\t\t\t\t<ul>\n<li>Siteye kaydoldu\u011funuzda, bir sat\u0131n alma i\u015flemi yapt\u0131\u011f\u0131n\u0131zda, bir yar\u0131\u015fmaya veya \u00e7ekili\u015fe kat\u0131ld\u0131\u011f\u0131n\u0131zda, bir ankete veya e-posta gibi bir mesaja yan\u0131t verdi\u011finizde veya ba\u015fka bir site etkinli\u011fine kat\u0131ld\u0131\u011f\u0131n\u0131zda sizden bilgi toplar\u0131z.<\/li>\n<li>Bir sipari\u015f verdi\u011finizde veya kaydoldu\u011funuzda ad\u0131n\u0131z\u0131, e-posta adresinizi, posta adresinizi, telefon numaran\u0131z\u0131, kredi kart\u0131 bilgilerinizi ve di\u011fer ayr\u0131nt\u0131lar\u0131 isteyebiliriz. Ancak, web sitemizi anonim olarak g\u00f6r\u00fcnt\u00fcleyebilirsiniz.<\/li>\n<li>Ayr\u0131ca, hediye sipari\u015flerini yerine getirmek i\u00e7in hediye al\u0131c\u0131lar\u0131 hakk\u0131nda bilgi topluyoruz. Hediye al\u0131c\u0131lar\u0131 hakk\u0131nda toplad\u0131\u011f\u0131m\u0131z bilgileri pazarlama amac\u0131yla kullanm\u0131yoruz.<\/li>\n<li>Di\u011fer bir\u00e7ok web sitesinde oldu\u011fu gibi, deneyiminizi geli\u015ftirmek ve kullan\u0131c\u0131lar ve web sitesi ziyaretleri hakk\u0131nda bilgi toplamak i\u00e7in &#8220;\u00e7erezler&#8221; kullan\u0131yoruz.<\/li>\n<\/ul>\n\t\t\t\t\t\t\t\t<\/div>\n\t\t\t\t<\/div>\n\t\t\t\t\t<\/div>\n\t\t<\/div>\n\t\t\t\t\t<\/div>\n\t\t<\/section>\n\t\t\t\t<section class=\"elementor-section elementor-top-section elementor-element elementor-element-e58eb24 elementor-section-boxed elementor-section-height-default elementor-section-height-default\" data-id=\"e58eb24\" data-element_type=\"section\" data-e-type=\"section\">\n\t\t\t\t\t\t<div class=\"elementor-container elementor-column-gap-default\">\n\t\t\t\t\t<div class=\"elementor-column elementor-col-100 elementor-top-column elementor-element elementor-element-a929712\" data-id=\"a929712\" data-element_type=\"column\" data-e-type=\"column\">\n\t\t\t<div class=\"elementor-widget-wrap elementor-element-populated\">\n\t\t\t\t\t\t<div class=\"elementor-element elementor-element-62f2b65 elementor-widget elementor-widget-heading\" data-id=\"62f2b65\" data-element_type=\"widget\" data-e-type=\"widget\" data-widget_type=\"heading.default\">\n\t\t\t\t<div class=\"elementor-widget-container\">\n\t\t\t\t\t<h3 class=\"elementor-heading-title elementor-size-default\">Bilgilerinizi nas\u0131l kullan\u0131yoruz?<\/h3>\t\t\t\t<\/div>\n\t\t\t\t<\/div>\n\t\t\t\t<div class=\"elementor-element elementor-element-95ab16b elementor-widget elementor-widget-text-editor\" data-id=\"95ab16b\" data-element_type=\"widget\" data-e-type=\"widget\" data-widget_type=\"text-editor.default\">\n\t\t\t\t<div class=\"elementor-widget-container\">\n\t\t\t\t\t\t\t\t\t<p>Kay\u0131t oldu\u011funuzda, bir sat\u0131n alma i\u015flemi yapt\u0131\u011f\u0131n\u0131zda, bir yar\u0131\u015fmaya veya promosyona kat\u0131ld\u0131\u011f\u0131n\u0131zda, bir ankete veya pazarlama e-postas\u0131na yan\u0131t verdi\u011finizde, web sitemizde gezindi\u011finizde veya di\u011fer baz\u0131 site \u00f6zelliklerini kulland\u0131\u011f\u0131n\u0131zda sizden toplad\u0131\u011f\u0131m\u0131z bilgileri a\u015fa\u011f\u0131daki \u015fekilde kullanabiliriz:<\/p>\n<ul>\n<li>Site deneyiminizi \u00f6zelle\u015ftirmek ve en \u00e7ok ilgi g\u00f6sterdi\u011finiz materyal ve \u00fcr\u00fcn se\u00e7eneklerini sunmak i\u00e7in.<\/li>\n<li>M\u00fc\u015fteri deste\u011fi taleplerinize yan\u0131t verme yetene\u011fimizi geli\u015ftirmek i\u00e7in.<\/li>\n<li>\u0130\u015flemlerinizi h\u0131zl\u0131 bir \u015fekilde ger\u00e7ekle\u015ftirmek i\u00e7in.<\/li>\n<li>Bir yar\u0131\u015fma, promosyon, anket veya di\u011fer site \u00f6zelliklerini y\u00f6netmek i\u00e7in.<\/li>\n<li>Periyodik olarak size bir e-posta g\u00f6nderebiliriz. Bizden art\u0131k tan\u0131t\u0131m e-postalar\u0131 almak istemiyorsan\u0131z, aboneli\u011finizi iptal edebilir ve posta listemizden \u00e7\u0131kabilir veya hesap ayarlar\u0131n\u0131z arac\u0131l\u0131\u011f\u0131yla e-posta tercihlerinizi de\u011fi\u015ftirebilirsiniz.<\/li>\n<\/ul>\n\t\t\t\t\t\t\t\t<\/div>\n\t\t\t\t<\/div>\n\t\t\t\t\t<\/div>\n\t\t<\/div>\n\t\t\t\t\t<\/div>\n\t\t<\/section>\n\t\t\t\t<section class=\"elementor-section elementor-top-section elementor-element elementor-element-e61c19e elementor-section-boxed elementor-section-height-default elementor-section-height-default\" data-id=\"e61c19e\" data-element_type=\"section\" data-e-type=\"section\">\n\t\t\t\t\t\t<div class=\"elementor-container elementor-column-gap-default\">\n\t\t\t\t\t<div class=\"elementor-column elementor-col-100 elementor-top-column elementor-element elementor-element-ea29f50\" data-id=\"ea29f50\" data-element_type=\"column\" data-e-type=\"column\">\n\t\t\t<div class=\"elementor-widget-wrap elementor-element-populated\">\n\t\t\t\t\t\t<div class=\"elementor-element elementor-element-640a96d elementor-widget elementor-widget-heading\" data-id=\"640a96d\" data-element_type=\"widget\" data-e-type=\"widget\" data-widget_type=\"heading.default\">\n\t\t\t\t<div class=\"elementor-widget-container\">\n\t\t\t\t\t<h3 class=\"elementor-heading-title elementor-size-default\">Ziyaret\u00e7i bilgilerini nas\u0131l koruyoruz?<\/h3>\t\t\t\t<\/div>\n\t\t\t\t<\/div>\n\t\t\t\t<div class=\"elementor-element elementor-element-bbc3926 elementor-widget elementor-widget-text-editor\" data-id=\"bbc3926\" data-element_type=\"widget\" data-e-type=\"widget\" data-widget_type=\"text-editor.default\">\n\t\t\t\t<div class=\"elementor-widget-container\">\n\t\t\t\t\t\t\t\t\t<p>Ki\u015fisel bilgileriniz bir dizi g\u00fcvenlik mekanizmas\u0131 ile korunmaktad\u0131r. Ki\u015fisel bilgileriniz yaln\u0131zca bu t\u00fcr sistemlere belirli eri\u015fim ayr\u0131cal\u0131klar\u0131na sahip olan ve bilgileri gizli tutmakla y\u00fck\u00fcml\u00fc olan az say\u0131da ki\u015fi taraf\u0131ndan kullan\u0131labilir. Sipari\u015f verirken veya ki\u015fisel bilgilerinize eri\u015firken, g\u00fcvenli bir sunucu sa\u011fl\u0131yoruz. Taraf\u0131n\u0131zdan sa\u011flanan t\u00fcm hassas\/kredi bilgileri G\u00fcvenli Yuva Katman\u0131 (SSL) teknolojisi kullan\u0131larak aktar\u0131l\u0131r ve daha sonra yaln\u0131zca yukar\u0131da belirtilen \u015fekilde g\u00f6r\u00fcnt\u00fclenmek \u00fczere veri tabanlar\u0131m\u0131za \u015fifrelenir.<\/p>\n\t\t\t\t\t\t\t\t<\/div>\n\t\t\t\t<\/div>\n\t\t\t\t\t<\/div>\n\t\t<\/div>\n\t\t\t\t\t<\/div>\n\t\t<\/section>\n\t\t\t\t<section class=\"elementor-section elementor-top-section elementor-element elementor-element-a99d61f elementor-section-boxed elementor-section-height-default elementor-section-height-default\" data-id=\"a99d61f\" data-element_type=\"section\" data-e-type=\"section\">\n\t\t\t\t\t\t<div class=\"elementor-container elementor-column-gap-default\">\n\t\t\t\t\t<div class=\"elementor-column elementor-col-100 elementor-top-column elementor-element elementor-element-74091ed\" data-id=\"74091ed\" data-element_type=\"column\" data-e-type=\"column\">\n\t\t\t<div class=\"elementor-widget-wrap elementor-element-populated\">\n\t\t\t\t\t\t<div class=\"elementor-element elementor-element-6057217 elementor-widget elementor-widget-heading\" data-id=\"6057217\" data-element_type=\"widget\" data-e-type=\"widget\" data-widget_type=\"heading.default\">\n\t\t\t\t<div class=\"elementor-widget-container\">\n\t\t\t\t\t<h3 class=\"elementor-heading-title elementor-size-default\">\"\u00c7erez\" kullan\u0131yor muyuz?<\/h3>\t\t\t\t<\/div>\n\t\t\t\t<\/div>\n\t\t\t\t<div class=\"elementor-element elementor-element-7af098d elementor-widget elementor-widget-text-editor\" data-id=\"7af098d\" data-element_type=\"widget\" data-e-type=\"widget\" data-widget_type=\"text-editor.default\">\n\t\t\t\t<div class=\"elementor-widget-container\">\n\t\t\t\t\t\t\t\t\t<p>Evet. \u00c7erezler, bir sitenin veya hizmet sa\u011flay\u0131c\u0131s\u0131n\u0131n Web taray\u0131c\u0131n\u0131z arac\u0131l\u0131\u011f\u0131yla (izninizle) bilgisayar\u0131n\u0131z\u0131n sabit diskine iletti\u011fi ve sitenin veya hizmet sa\u011flay\u0131c\u0131s\u0131n\u0131n sistemlerinin taray\u0131c\u0131n\u0131z\u0131 tan\u0131mlamas\u0131n\u0131 ve belirli bilgileri toplay\u0131p saklamas\u0131n\u0131 sa\u011flayan k\u00fc\u00e7\u00fck dosyalard\u0131r. \u00c7erezler, \u00f6rne\u011fin al\u0131\u015fveri\u015f sepetinizdeki \u00fcr\u00fcnleri hat\u0131rlamam\u0131za ve i\u015flememize yard\u0131mc\u0131 olur. Ayr\u0131ca, ge\u00e7mi\u015f veya mevcut site etkinli\u011finize dayal\u0131 olarak tercihlerinizi anlamam\u0131za yard\u0131mc\u0131 olarak size geli\u015fmi\u015f hizmetler sunmam\u0131z\u0131 sa\u011flarlar. Ayr\u0131ca, gelecekte geli\u015fmi\u015f site \u00f6zellikleri ve ara\u00e7lar\u0131 sa\u011flayabilmemiz i\u00e7in site trafi\u011fi ve kullan\u0131c\u0131 etkinli\u011fi hakk\u0131nda toplu istatistikler toplamam\u0131za yard\u0131mc\u0131 olmas\u0131 amac\u0131yla \u00e7erezlerden yararlan\u0131yoruz.<\/p>\n<p>Web sitesi kullan\u0131c\u0131lar\u0131m\u0131z\u0131 daha iyi anlamak i\u00e7in \u00fc\u00e7\u00fcnc\u00fc taraf hizmet sa\u011flay\u0131c\u0131larla ortakl\u0131k kurabiliriz. Bu hizmet sa\u011flay\u0131c\u0131lar, bizim ad\u0131m\u0131za toplad\u0131klar\u0131 bilgileri yaln\u0131zca \u015firketimizi y\u00fcr\u00fctmemize ve geli\u015ftirmemize yard\u0131mc\u0131 olmak i\u00e7in kullanabilirler.<\/p>\n<p>Bilgisayar\u0131n\u0131z\u0131n bir \u00e7erez her iletildi\u011finde sizi uyarmas\u0131n\u0131 sa\u011flama veya t\u00fcm \u00e7erezleri devre d\u0131\u015f\u0131 b\u0131rakma se\u00e7ene\u011finiz vard\u0131r. Bu, taray\u0131c\u0131 ayarlar\u0131 (Netscape Navigator veya Internet Explorer) kullan\u0131larak yap\u0131l\u0131r. \u00c7erezlerinizi do\u011fru \u015fekilde nas\u0131l de\u011fi\u015ftirece\u011finizi \u00f6\u011frenmek i\u00e7in taray\u0131c\u0131n\u0131z\u0131n Yard\u0131m men\u00fcs\u00fcne ba\u015fvurun. \u00c7erezleri devre d\u0131\u015f\u0131 b\u0131rak\u0131rsan\u0131z, site deneyiminizi daha verimli hale getiren \u00e7ok say\u0131da \u00f6zelli\u011fin yan\u0131 s\u0131ra baz\u0131 hizmetlerimize eri\u015fiminizi kaybedebilirsiniz. Ancak, m\u00fc\u015fteri hizmetleri aranarak telefonla sipari\u015f verilmeye devam edilebilir.<\/p>\n\t\t\t\t\t\t\t\t<\/div>\n\t\t\t\t<\/div>\n\t\t\t\t\t<\/div>\n\t\t<\/div>\n\t\t\t\t\t<\/div>\n\t\t<\/section>\n\t\t\t\t<section class=\"elementor-section elementor-top-section elementor-element elementor-element-1c013f3 elementor-section-boxed elementor-section-height-default elementor-section-height-default\" data-id=\"1c013f3\" data-element_type=\"section\" data-e-type=\"section\">\n\t\t\t\t\t\t<div class=\"elementor-container elementor-column-gap-default\">\n\t\t\t\t\t<div class=\"elementor-column elementor-col-100 elementor-top-column elementor-element elementor-element-69d6962\" data-id=\"69d6962\" data-element_type=\"column\" data-e-type=\"column\">\n\t\t\t<div class=\"elementor-widget-wrap elementor-element-populated\">\n\t\t\t\t\t\t<div class=\"elementor-element elementor-element-516d7a4 elementor-widget elementor-widget-heading\" data-id=\"516d7a4\" data-element_type=\"widget\" data-e-type=\"widget\" data-widget_type=\"heading.default\">\n\t\t\t\t<div class=\"elementor-widget-container\">\n\t\t\t\t\t<h3 class=\"elementor-heading-title elementor-size-default\">Toplad\u0131\u011f\u0131m\u0131z bilgileri d\u0131\u015f taraflara if\u015fa ediyor muyuz?<\/h3>\t\t\t\t<\/div>\n\t\t\t\t<\/div>\n\t\t\t\t<div class=\"elementor-element elementor-element-497a0ee elementor-widget elementor-widget-text-editor\" data-id=\"497a0ee\" data-element_type=\"widget\" data-e-type=\"widget\" data-widget_type=\"text-editor.default\">\n\t\t\t\t<div class=\"elementor-widget-container\">\n\t\t\t\t\t\t\t\t\t<p>A\u015fa\u011f\u0131da belirtilenler d\u0131\u015f\u0131nda, size \u00f6nceden haber vermedi\u011fimiz s\u00fcrece ki\u015fisel olarak tan\u0131mlanabilir bilgilerinizi \u00fc\u00e7\u00fcnc\u00fc taraflara satmay\u0131z, takas etmeyiz veya ba\u015fka bir \u015fekilde aktarmay\u0131z. MEDMAL.com.tr ve di\u011fer ba\u011flant\u0131l\u0131 firmalar &#8220;d\u0131\u015f taraflar&#8221; olarak kabul edilmez Ayr\u0131ca, bu taraflar\u0131n bu bilgileri gizli tutmay\u0131 kabul etmeleri ko\u015fuluyla, web sitemizi \u00e7al\u0131\u015ft\u0131rmam\u0131za, i\u015fimizi yapmam\u0131za veya size hizmet etmemize yard\u0131mc\u0131 olan web sitesi bar\u0131nd\u0131rma ortaklar\u0131 ve di\u011fer taraflar da hari\u00e7tir. Ayr\u0131ca, yasalara uymak, site kurallar\u0131m\u0131z\u0131 uygulamak veya haklar\u0131m\u0131z\u0131, m\u00fclk\u00fcm\u00fcz\u00fc veya g\u00fcvenli\u011fimizi veya \u00fc\u00e7\u00fcnc\u00fc taraflar\u0131n haklar\u0131n\u0131 savunmak i\u00e7in if\u015fa etmenin gerekli oldu\u011funu d\u00fc\u015f\u00fcnd\u00fc\u011f\u00fcm\u00fczde bilgilerinizi if\u015fa edebiliriz.<br \/>Ancak, ziyaret\u00e7iler hakk\u0131nda onlar\u0131 do\u011frudan tan\u0131mlamayan bilgiler pazarlama, reklam veya di\u011fer ama\u00e7larla \u00fc\u00e7\u00fcnc\u00fc taraflarla payla\u015f\u0131labilir.<\/p>\n\t\t\t\t\t\t\t\t<\/div>\n\t\t\t\t<\/div>\n\t\t\t\t\t<\/div>\n\t\t<\/div>\n\t\t\t\t\t<\/div>\n\t\t<\/section>\n\t\t\t\t<section class=\"elementor-section elementor-top-section elementor-element elementor-element-ec46001 elementor-section-boxed elementor-section-height-default elementor-section-height-default\" data-id=\"ec46001\" data-element_type=\"section\" data-e-type=\"section\">\n\t\t\t\t\t\t<div class=\"elementor-container elementor-column-gap-default\">\n\t\t\t\t\t<div class=\"elementor-column elementor-col-100 elementor-top-column elementor-element elementor-element-437f280\" data-id=\"437f280\" data-element_type=\"column\" data-e-type=\"column\">\n\t\t\t<div class=\"elementor-widget-wrap elementor-element-populated\">\n\t\t\t\t\t\t<div class=\"elementor-element elementor-element-15e7fd7 elementor-widget elementor-widget-heading\" data-id=\"15e7fd7\" data-element_type=\"widget\" data-e-type=\"widget\" data-widget_type=\"heading.default\">\n\t\t\t\t<div class=\"elementor-widget-container\">\n\t\t\t\t\t<h3 class=\"elementor-heading-title elementor-size-default\">Bize sa\u011flad\u0131\u011f\u0131n\u0131z bilgileri nas\u0131l devre d\u0131\u015f\u0131 b\u0131rakabilir, kald\u0131rabilir veya de\u011fi\u015ftirebilirsiniz?<\/h3>\t\t\t\t<\/div>\n\t\t\t\t<\/div>\n\t\t\t\t<div class=\"elementor-element elementor-element-ebbef37 elementor-widget elementor-widget-text-editor\" data-id=\"ebbef37\" data-element_type=\"widget\" data-e-type=\"widget\" data-widget_type=\"text-editor.default\">\n\t\t\t\t<div class=\"elementor-widget-container\">\n\t\t\t\t\t\t\t\t\t<p>E-posta aboneliklerinizi ayarlamak i\u00e7in her e-postadaki abonelikten \u00e7\u0131kma ba\u011flant\u0131s\u0131n\u0131 izleyin. E-posta \u00fcretim zaman \u00e7izelgeleri nedeniyle, halihaz\u0131rda \u00fcretimde olan e-postalar alabilirsiniz.<br \/>Web sitemizin &#8220;Hesab\u0131m&#8221; alan\u0131nda oturum a\u00e7\u0131n ve t\u00fcm \u00e7evrimi\u00e7i hesap bilgilerinizi veritaban\u0131m\u0131zdan kald\u0131rmak i\u00e7in g\u00f6nderim adreslerinizi, fatura adreslerinizi ve \u00f6deme bilgilerinizi silin. L\u00fctfen belirli i\u015flemlerinizle ilgili bilgileri, bu t\u00fcr i\u015flemlere hizmet vermek ve kay\u0131t tutmak amac\u0131yla saklayabilece\u011fimizi unutmay\u0131n.<\/p>\n\t\t\t\t\t\t\t\t<\/div>\n\t\t\t\t<\/div>\n\t\t\t\t\t<\/div>\n\t\t<\/div>\n\t\t\t\t\t<\/div>\n\t\t<\/section>\n\t\t\t\t<section class=\"elementor-section elementor-top-section elementor-element elementor-element-3f24a7c elementor-section-boxed elementor-section-height-default elementor-section-height-default\" data-id=\"3f24a7c\" data-element_type=\"section\" data-e-type=\"section\">\n\t\t\t\t\t\t<div class=\"elementor-container elementor-column-gap-default\">\n\t\t\t\t\t<div class=\"elementor-column elementor-col-100 elementor-top-column elementor-element elementor-element-df436ec\" data-id=\"df436ec\" data-element_type=\"column\" data-e-type=\"column\">\n\t\t\t<div class=\"elementor-widget-wrap elementor-element-populated\">\n\t\t\t\t\t\t<div class=\"elementor-element elementor-element-3f83d1b elementor-widget elementor-widget-heading\" data-id=\"3f83d1b\" data-element_type=\"widget\" data-e-type=\"widget\" data-widget_type=\"heading.default\">\n\t\t\t\t<div class=\"elementor-widget-container\">\n\t\t\t\t\t<h3 class=\"elementor-heading-title elementor-size-default\">\u00dc\u00e7\u00fcnc\u00fc taraf ba\u011flant\u0131lar\u0131<\/h3>\t\t\t\t<\/div>\n\t\t\t\t<\/div>\n\t\t\t\t<div class=\"elementor-element elementor-element-6c9fcf1 elementor-widget elementor-widget-text-editor\" data-id=\"6c9fcf1\" data-element_type=\"widget\" data-e-type=\"widget\" data-widget_type=\"text-editor.default\">\n\t\t\t\t<div class=\"elementor-widget-container\">\n\t\t\t\t\t\t\t\t\t<p>Size daha fazla de\u011fer sa\u011flamak amac\u0131yla, sitemize \u00fc\u00e7\u00fcnc\u00fc taraf ba\u011flant\u0131lar\u0131 ekleyebiliriz. Bu ba\u011flant\u0131l\u0131 sitelerin ayr\u0131 ve ba\u011f\u0131ms\u0131z gizlilik politikalar\u0131 vard\u0131r. Bu nedenle, bu ba\u011flant\u0131l\u0131 sitelerin i\u00e7eri\u011fi ve faaliyetleri konusunda hi\u00e7bir sorumlulu\u011fumuz veya y\u00fck\u00fcml\u00fcl\u00fc\u011f\u00fcm\u00fcz bulunmamaktad\u0131r. Bununla birlikte, sitemizin b\u00fct\u00fcnl\u00fc\u011f\u00fcn\u00fc korumaya \u00e7al\u0131\u015f\u0131yoruz ve bu ba\u011flant\u0131l\u0131 sitelerle ilgili her t\u00fcrl\u00fc geri bildirimi memnuniyetle kar\u015f\u0131l\u0131yoruz (belirli bir ba\u011flant\u0131n\u0131n \u00e7al\u0131\u015fmamas\u0131 dahil).<\/p>\n\t\t\t\t\t\t\t\t<\/div>\n\t\t\t\t<\/div>\n\t\t\t\t\t<\/div>\n\t\t<\/div>\n\t\t\t\t\t<\/div>\n\t\t<\/section>\n\t\t\t\t<section class=\"elementor-section elementor-top-section elementor-element elementor-element-164f0a8 elementor-section-boxed elementor-section-height-default elementor-section-height-default\" data-id=\"164f0a8\" data-element_type=\"section\" data-e-type=\"section\">\n\t\t\t\t\t\t<div class=\"elementor-container elementor-column-gap-default\">\n\t\t\t\t\t<div class=\"elementor-column elementor-col-100 elementor-top-column elementor-element elementor-element-e29eee4\" data-id=\"e29eee4\" data-element_type=\"column\" data-e-type=\"column\">\n\t\t\t<div class=\"elementor-widget-wrap elementor-element-populated\">\n\t\t\t\t\t\t<div class=\"elementor-element elementor-element-ab5ff8b elementor-widget elementor-widget-heading\" data-id=\"ab5ff8b\" data-element_type=\"widget\" data-e-type=\"widget\" data-widget_type=\"heading.default\">\n\t\t\t\t<div class=\"elementor-widget-container\">\n\t\t\t\t\t<h3 class=\"elementor-heading-title elementor-size-default\">Politikam\u0131zdaki De\u011fi\u015fiklikler<\/h3>\t\t\t\t<\/div>\n\t\t\t\t<\/div>\n\t\t\t\t<div class=\"elementor-element elementor-element-a22f9bd elementor-widget elementor-widget-text-editor\" data-id=\"a22f9bd\" data-element_type=\"widget\" data-e-type=\"widget\" data-widget_type=\"text-editor.default\">\n\t\t\t\t<div class=\"elementor-widget-container\">\n\t\t\t\t\t\t\t\t\t<p>Gizlilik politikam\u0131z\u0131 de\u011fi\u015ftirmeye karar verirsek, bu de\u011fi\u015fiklikleri bu sayfada yay\u0131nlayaca\u011f\u0131z. Bu politika en son 27 Mart 2022 tarihinde de\u011fi\u015ftirilmi\u015ftir.<\/p>\n\t\t\t\t\t\t\t\t<\/div>\n\t\t\t\t<\/div>\n\t\t\t\t\t<\/div>\n\t\t<\/div>\n\t\t\t\t\t<\/div>\n\t\t<\/section>\n\t\t\t\t<section class=\"elementor-section elementor-top-section elementor-element elementor-element-bba3606 elementor-section-boxed elementor-section-height-default elementor-section-height-default\" data-id=\"bba3606\" data-element_type=\"section\" data-e-type=\"section\">\n\t\t\t\t\t\t<div class=\"elementor-container elementor-column-gap-default\">\n\t\t\t\t\t<div class=\"elementor-column elementor-col-100 elementor-top-column elementor-element elementor-element-fe058dc\" data-id=\"fe058dc\" data-element_type=\"column\" data-e-type=\"column\">\n\t\t\t<div class=\"elementor-widget-wrap elementor-element-populated\">\n\t\t\t\t\t\t<div class=\"elementor-element elementor-element-8dda4d9 elementor-widget elementor-widget-heading\" data-id=\"8dda4d9\" data-element_type=\"widget\" data-e-type=\"widget\" data-widget_type=\"heading.default\">\n\t\t\t\t<div class=\"elementor-widget-container\">\n\t\t\t\t\t<h3 class=\"elementor-heading-title elementor-size-default\">\u015eartlar ve Ko\u015fullar<\/h3>\t\t\t\t<\/div>\n\t\t\t\t<\/div>\n\t\t\t\t<div class=\"elementor-element elementor-element-9d9809d elementor-widget elementor-widget-text-editor\" data-id=\"9d9809d\" data-element_type=\"widget\" data-e-type=\"widget\" data-widget_type=\"text-editor.default\">\n\t\t\t\t<div class=\"elementor-widget-container\">\n\t\t\t\t\t\t\t\t\t<p>L\u00fctfen web sitemizin kullan\u0131m\u0131n\u0131 d\u00fczenleyen kullan\u0131m, sorumluluk reddi ve sorumluluk s\u0131n\u0131rlamalar\u0131n\u0131 belirleyen <a href=\"https:\/\/medmal.com.tr\/tr\/garanti-ve-sartlar\/\">\u015eartlar ve Ko\u015fullar<\/a> b\u00f6l\u00fcm\u00fcm\u00fcz\u00fc de ziyaret edin.<\/p>\n\t\t\t\t\t\t\t\t<\/div>\n\t\t\t\t<\/div>\n\t\t\t\t\t<\/div>\n\t\t<\/div>\n\t\t\t\t\t<\/div>\n\t\t<\/section>\n\t\t\t\t<section class=\"elementor-section elementor-top-section elementor-element elementor-element-0d9e64a elementor-section-boxed elementor-section-height-default elementor-section-height-default\" data-id=\"0d9e64a\" data-element_type=\"section\" data-e-type=\"section\">\n\t\t\t\t\t\t<div class=\"elementor-container elementor-column-gap-default\">\n\t\t\t\t\t<div class=\"elementor-column elementor-col-100 elementor-top-column elementor-element elementor-element-7866fab\" data-id=\"7866fab\" data-element_type=\"column\" data-e-type=\"column\">\n\t\t\t<div class=\"elementor-widget-wrap elementor-element-populated\">\n\t\t\t\t\t\t<div class=\"elementor-element elementor-element-a5261ba elementor-widget elementor-widget-heading\" data-id=\"a5261ba\" data-element_type=\"widget\" data-e-type=\"widget\" data-widget_type=\"heading.default\">\n\t\t\t\t<div class=\"elementor-widget-container\">\n\t\t\t\t\t<h3 class=\"elementor-heading-title elementor-size-default\">Sorular ve geri bildirim<\/h3>\t\t\t\t<\/div>\n\t\t\t\t<\/div>\n\t\t\t\t<div class=\"elementor-element elementor-element-344a91d elementor-widget elementor-widget-text-editor\" data-id=\"344a91d\" data-element_type=\"widget\" data-e-type=\"widget\" data-widget_type=\"text-editor.default\">\n\t\t\t\t<div class=\"elementor-widget-container\">\n\t\t\t\t\t\t\t\t\t<p>Gizlilikle ilgili sorular\u0131n\u0131z\u0131, yorumlar\u0131n\u0131z\u0131 ve endi\u015felerinizi bekliyoruz. Gizlilik veya ba\u015fka herhangi bir konudaki yorumlar\u0131n\u0131z\u0131 l\u00fctfen bize e-posta ile g\u00f6nderin.<\/p>\n\t\t\t\t\t\t\t\t<\/div>\n\t\t\t\t<\/div>\n\t\t\t\t\t<\/div>\n\t\t<\/div>\n\t\t\t\t\t<\/div>\n\t\t<\/section>\n\t\t\t\t<\/div>\n\t\t","protected":false},"excerpt":{"rendered":"<p>Hangi bilgileri topluyoruz? Siteye kaydoldu\u011funuzda, bir sat\u0131n alma i\u015flemi yapt\u0131\u011f\u0131n\u0131zda, bir yar\u0131\u015fmaya veya \u00e7ekili\u015fe kat\u0131ld\u0131\u011f\u0131n\u0131zda, bir ankete veya e-posta gibi bir mesaja yan\u0131t verdi\u011finizde veya ba\u015fka bir site etkinli\u011fine kat\u0131ld\u0131\u011f\u0131n\u0131zda sizden bilgi toplar\u0131z. Bir sipari\u015f verdi\u011finizde veya kaydoldu\u011funuzda ad\u0131n\u0131z\u0131, e-posta adresinizi, posta adresinizi, telefon numaran\u0131z\u0131, kredi kart\u0131 bilgilerinizi ve di\u011fer ayr\u0131nt\u0131lar\u0131 isteyebiliriz. Ancak, web sitemizi [&hellip;]<\/p>\n","protected":false},"author":1,"featured_media":0,"parent":0,"menu_order":0,"comment_status":"closed","ping_status":"closed","template":"","meta":{"footnotes":""},"class_list":["post-54033","page","type-page","status-publish","hentry"],"_links":{"self":[{"href":"https:\/\/medmal.com.tr\/tr\/wp-json\/wp\/v2\/pages\/54033","targetHints":{"allow":["GET"]}}],"collection":[{"href":"https:\/\/medmal.com.tr\/tr\/wp-json\/wp\/v2\/pages"}],"about":[{"href":"https:\/\/medmal.com.tr\/tr\/wp-json\/wp\/v2\/types\/page"}],"author":[{"embeddable":true,"href":"https:\/\/medmal.com.tr\/tr\/wp-json\/wp\/v2\/users\/1"}],"replies":[{"embeddable":true,"href":"https:\/\/medmal.com.tr\/tr\/wp-json\/wp\/v2\/comments?post=54033"}],"version-history":[{"count":1,"href":"https:\/\/medmal.com.tr\/tr\/wp-json\/wp\/v2\/pages\/54033\/revisions"}],"predecessor-version":[{"id":54034,"href":"https:\/\/medmal.com.tr\/tr\/wp-json\/wp\/v2\/pages\/54033\/revisions\/54034"}],"wp:attachment":[{"href":"https:\/\/medmal.com.tr\/tr\/wp-json\/wp\/v2\/media?parent=54033"}],"curies":[{"name":"wp","href":"https:\/\/api.w.org\/{rel}","templated":true}]}}