{"id":43639,"date":"2022-08-15T14:31:10","date_gmt":"2022-08-15T14:31:10","guid":{"rendered":"https:\/\/medmal.com.tr\/hakkimizda\/"},"modified":"2023-05-03T19:14:31","modified_gmt":"2023-05-03T19:14:31","slug":"hakkimizda","status":"publish","type":"page","link":"https:\/\/medmal.com.tr\/tr\/hakkimizda\/","title":{"rendered":"Hakk\u0131m\u0131zda"},"content":{"rendered":"\t\t<div data-elementor-type=\"wp-page\" data-elementor-id=\"43639\" class=\"elementor elementor-43639\">\n\t\t\t\t\t\t<section class=\"elementor-section elementor-top-section elementor-element elementor-element-5158b412 elementor-section-boxed elementor-section-height-default elementor-section-height-default\" data-id=\"5158b412\" data-element_type=\"section\" data-e-type=\"section\">\n\t\t\t\t\t\t<div class=\"elementor-container elementor-column-gap-default\">\n\t\t\t\t\t<div class=\"elementor-column elementor-col-33 elementor-top-column elementor-element elementor-element-11875c9\" data-id=\"11875c9\" data-element_type=\"column\" data-e-type=\"column\">\n\t\t\t<div class=\"elementor-widget-wrap elementor-element-populated\">\n\t\t\t\t\t\t<div class=\"elementor-element elementor-element-27d8ef86 elementor-widget elementor-widget-heading\" data-id=\"27d8ef86\" data-element_type=\"widget\" data-e-type=\"widget\" data-widget_type=\"heading.default\">\n\t\t\t\t<div class=\"elementor-widget-container\">\n\t\t\t\t\t<h3 class=\"elementor-heading-title elementor-size-default\">Bizim Hikayemiz<\/h3>\t\t\t\t<\/div>\n\t\t\t\t<\/div>\n\t\t\t\t<div class=\"elementor-element elementor-element-6c441c0 elementor-widget elementor-widget-text-editor\" data-id=\"6c441c0\" data-element_type=\"widget\" data-e-type=\"widget\" data-widget_type=\"text-editor.default\">\n\t\t\t\t<div class=\"elementor-widget-container\">\n\t\t\t\t\t\t\t\t\t<p>MedMal (Medikal Malzemeler), \u0130stanbul merkezli bir t\u0131bbi ve dental ekipman ve malzeme distrib\u00fct\u00f6r\u00fc ve NSI dental implantlar\u0131n\u0131n resmi distrib\u00fct\u00f6r\u00fcd\u00fcr. Ayr\u0131ca MedMal, dental implant kurulumunda en y\u00fcksek verimlili\u011fi elde etmek \u00fczere ekipmanlar\u0131n\u0131 kullanmak i\u00e7in gereken e\u011fitimi sa\u011flamaktad\u0131r.<\/p>\n\t\t\t\t\t\t\t\t<\/div>\n\t\t\t\t<\/div>\n\t\t\t\t\t<\/div>\n\t\t<\/div>\n\t\t\t\t<div class=\"elementor-column elementor-col-66 elementor-top-column elementor-element elementor-element-4b2de284\" data-id=\"4b2de284\" data-element_type=\"column\" data-e-type=\"column\">\n\t\t\t<div class=\"elementor-widget-wrap elementor-element-populated\">\n\t\t\t\t\t\t<div class=\"elementor-element elementor-element-417f877 elementor-widget elementor-widget-image\" data-id=\"417f877\" data-element_type=\"widget\" data-e-type=\"widget\" data-widget_type=\"image.default\">\n\t\t\t\t<div class=\"elementor-widget-container\">\n\t\t\t\t\t\t\t\t\t\t\t\t\t\t\t<img fetchpriority=\"high\" decoding=\"async\" width=\"2666\" height=\"1500\" src=\"https:\/\/medmal.com.tr\/wp-content\/uploads\/2022\/09\/129048-17709905.png\" class=\"attachment-full size-full wp-image-3969\" alt=\"\" srcset=\"https:\/\/medmal.com.tr\/wp-content\/uploads\/2022\/09\/129048-17709905.png 2666w, https:\/\/medmal.com.tr\/wp-content\/uploads\/2022\/09\/129048-17709905-450x253.png 450w, https:\/\/medmal.com.tr\/wp-content\/uploads\/2022\/09\/129048-17709905-595x335.png 595w, https:\/\/medmal.com.tr\/wp-content\/uploads\/2022\/09\/129048-17709905-150x84.png 150w, https:\/\/medmal.com.tr\/wp-content\/uploads\/2022\/09\/129048-17709905-768x432.png 768w, https:\/\/medmal.com.tr\/wp-content\/uploads\/2022\/09\/129048-17709905-1536x864.png 1536w, https:\/\/medmal.com.tr\/wp-content\/uploads\/2022\/09\/129048-17709905-2048x1152.png 2048w\" sizes=\"(max-width: 2666px) 100vw, 2666px\" \/>\t\t\t\t\t\t\t\t\t\t\t\t\t\t\t<\/div>\n\t\t\t\t<\/div>\n\t\t\t\t\t<\/div>\n\t\t<\/div>\n\t\t\t\t\t<\/div>\n\t\t<\/section>\n\t\t\t\t<section class=\"elementor-section elementor-top-section elementor-element elementor-element-9e6c5f4 elementor-section-boxed elementor-section-height-default elementor-section-height-default\" data-id=\"9e6c5f4\" data-element_type=\"section\" data-e-type=\"section\">\n\t\t\t\t\t\t<div class=\"elementor-container elementor-column-gap-default\">\n\t\t\t\t\t<div class=\"elementor-column elementor-col-100 elementor-top-column elementor-element elementor-element-8105cc4\" data-id=\"8105cc4\" data-element_type=\"column\" data-e-type=\"column\">\n\t\t\t<div class=\"elementor-widget-wrap elementor-element-populated\">\n\t\t\t\t\t\t<div class=\"elementor-element elementor-element-56561ca elementor-widget elementor-widget-heading\" data-id=\"56561ca\" data-element_type=\"widget\" data-e-type=\"widget\" data-widget_type=\"heading.default\">\n\t\t\t\t<div class=\"elementor-widget-container\">\n\t\t\t\t\t<h3 class=\"elementor-heading-title elementor-size-default\">Hedefimiz<\/h3>\t\t\t\t<\/div>\n\t\t\t\t<\/div>\n\t\t\t\t<div class=\"elementor-element elementor-element-c487646 elementor-widget elementor-widget-text-editor\" data-id=\"c487646\" data-element_type=\"widget\" data-e-type=\"widget\" data-widget_type=\"text-editor.default\">\n\t\t\t\t<div class=\"elementor-widget-container\">\n\t\t\t\t\t\t\t\t\t<p>MedMal olarak amac\u0131m\u0131z, \u00fcr\u00fcn kalitesini ve g\u00fcvenli\u011fini korurken ayn\u0131 zamanda T\u00fcrkiye genelinde hayat kurtaran ve iyile\u015ftiren teknolojiyi te\u015fvik etmektir. Bu durum, bir ar\u0131zan\u0131n h\u0131zl\u0131 bir \u015fekilde hastan\u0131n ciddi \u015fekilde yaralanmas\u0131na neden olabilece\u011fi t\u0131bbi ekipmanlar i\u00e7in \u00f6zellikle ge\u00e7erlidir.<\/p>\n\t\t\t\t\t\t\t\t<\/div>\n\t\t\t\t<\/div>\n\t\t\t\t\t<\/div>\n\t\t<\/div>\n\t\t\t\t\t<\/div>\n\t\t<\/section>\n\t\t\t\t<section class=\"elementor-section elementor-top-section elementor-element elementor-element-9487535 elementor-section-boxed elementor-section-height-default elementor-section-height-default\" data-id=\"9487535\" data-element_type=\"section\" data-e-type=\"section\">\n\t\t\t\t\t\t<div class=\"elementor-container elementor-column-gap-default\">\n\t\t\t\t\t<div class=\"elementor-column elementor-col-33 elementor-top-column elementor-element elementor-element-b9cc887\" data-id=\"b9cc887\" data-element_type=\"column\" data-e-type=\"column\">\n\t\t\t<div class=\"elementor-widget-wrap elementor-element-populated\">\n\t\t\t\t\t\t<div class=\"elementor-element elementor-element-ee277b8 elementor-widget elementor-widget-heading\" data-id=\"ee277b8\" data-element_type=\"widget\" data-e-type=\"widget\" data-widget_type=\"heading.default\">\n\t\t\t\t<div class=\"elementor-widget-container\">\n\t\t\t\t\t<h3 class=\"elementor-heading-title elementor-size-default\">Misyonumuz<\/h3>\t\t\t\t<\/div>\n\t\t\t\t<\/div>\n\t\t\t\t<div class=\"elementor-element elementor-element-879483a elementor-widget elementor-widget-text-editor\" data-id=\"879483a\" data-element_type=\"widget\" data-e-type=\"widget\" data-widget_type=\"text-editor.default\">\n\t\t\t\t<div class=\"elementor-widget-container\">\n\t\t\t\t\t\t\t\t\t<p>En y\u00fcksek d\u00fczeyde g\u00fcvenlik, verimlilik ve g\u00fcvenilirlik sa\u011flayan dental implantlar, dental ekipmanlar ve t\u0131bbi malzemeler konusunda m\u00fc\u015fteri odakl\u0131 bir tedarik\u00e7i olarak sa\u011flam bir itibar olu\u015fturmaya \u00e7al\u0131\u015f\u0131yoruz.<\/p>\n<p>\u00c7al\u0131\u015fanlar\u0131m\u0131z ba\u015far\u0131m\u0131z\u0131n anahtar\u0131d\u0131r. Birlikte \u00e7al\u0131\u015farak bireylerin, toplumlar\u0131n ve t\u00fcm insan \u0131rk\u0131n\u0131n ya\u015famlar\u0131n\u0131 iyile\u015ftirebilece\u011fimizden eminiz.<br \/>Yapt\u0131\u011f\u0131m\u0131z i\u015fte ba\u015far\u0131l\u0131 olmak ve ba\u015fkalar\u0131na olumlu \u00f6rnek olmak i\u00e7in gayretle \u00e7al\u0131\u015f\u0131yoruz. G\u00fcvenilirli\u011fimiz ve g\u00fcvenilirli\u011fimizde g\u00f6sterilen kapsaml\u0131 end\u00fcstri uzmanl\u0131\u011f\u0131na sahibiz.<br \/>Yapt\u0131\u011f\u0131m\u0131z her i\u015fte m\u00fckemmellik i\u00e7in \u00e7abal\u0131yoruz \u00e7\u00fcnk\u00fc sundu\u011fumuz \u00e7\u00f6z\u00fcmlerin ve e\u011fitim hizmetlerinin y\u00fcksek kaliteli, uzun vadeli sonu\u00e7lar\u0131 te\u015fvik etti\u011finden eminiz.<\/p>\n<p>Profesyonel yolunuzda en iyi dileklerimle ve pazar\u0131m\u0131zdaki \u00fcr\u00fcn ve hizmetlerimizi de\u011ferlendirmek i\u00e7in zaman ay\u0131rd\u0131\u011f\u0131n\u0131z i\u00e7in te\u015fekk\u00fcr ederim.<\/p>\n\t\t\t\t\t\t\t\t<\/div>\n\t\t\t\t<\/div>\n\t\t\t\t\t<\/div>\n\t\t<\/div>\n\t\t\t\t<div class=\"elementor-column elementor-col-66 elementor-top-column elementor-element elementor-element-24c8069\" data-id=\"24c8069\" data-element_type=\"column\" data-e-type=\"column\">\n\t\t\t<div class=\"elementor-widget-wrap elementor-element-populated\">\n\t\t\t\t\t\t<div class=\"elementor-element elementor-element-36c1488 elementor-widget elementor-widget-image\" data-id=\"36c1488\" data-element_type=\"widget\" data-e-type=\"widget\" data-widget_type=\"image.default\">\n\t\t\t\t<div class=\"elementor-widget-container\">\n\t\t\t\t\t\t\t\t\t\t\t\t\t\t\t<img decoding=\"async\" width=\"595\" height=\"595\" src=\"https:\/\/medmal.com.tr\/wp-content\/uploads\/2022\/09\/129048-17711274-595x595.png\" class=\"attachment-large size-large wp-image-4024\" alt=\"\" srcset=\"https:\/\/medmal.com.tr\/wp-content\/uploads\/2022\/09\/129048-17711274-595x595.png 595w, https:\/\/medmal.com.tr\/wp-content\/uploads\/2022\/09\/129048-17711274-300x300.png 300w, https:\/\/medmal.com.tr\/wp-content\/uploads\/2022\/09\/129048-17711274-150x150.png 150w, https:\/\/medmal.com.tr\/wp-content\/uploads\/2022\/09\/129048-17711274-768x768.png 768w, https:\/\/medmal.com.tr\/wp-content\/uploads\/2022\/09\/129048-17711274-380x380.png 380w, https:\/\/medmal.com.tr\/wp-content\/uploads\/2022\/09\/129048-17711274-450x450.png 450w, https:\/\/medmal.com.tr\/wp-content\/uploads\/2022\/09\/129048-17711274-100x100.png 100w, https:\/\/medmal.com.tr\/wp-content\/uploads\/2022\/09\/129048-17711274.png 1500w\" sizes=\"(max-width: 595px) 100vw, 595px\" \/>\t\t\t\t\t\t\t\t\t\t\t\t\t\t\t<\/div>\n\t\t\t\t<\/div>\n\t\t\t\t\t<\/div>\n\t\t<\/div>\n\t\t\t\t\t<\/div>\n\t\t<\/section>\n\t\t\t\t<\/div>\n\t\t","protected":false},"excerpt":{"rendered":"<p>Bizim Hikayemiz MedMal (Medikal Malzemeler), \u0130stanbul merkezli bir t\u0131bbi ve dental ekipman ve malzeme distrib\u00fct\u00f6r\u00fc ve NSI dental implantlar\u0131n\u0131n resmi distrib\u00fct\u00f6r\u00fcd\u00fcr. Ayr\u0131ca MedMal, dental implant kurulumunda en y\u00fcksek verimlili\u011fi elde etmek \u00fczere ekipmanlar\u0131n\u0131 kullanmak i\u00e7in gereken e\u011fitimi sa\u011flamaktad\u0131r. Hedefimiz MedMal olarak amac\u0131m\u0131z, \u00fcr\u00fcn kalitesini ve g\u00fcvenli\u011fini korurken ayn\u0131 zamanda T\u00fcrkiye genelinde hayat kurtaran ve iyile\u015ftiren [&hellip;]<\/p>\n","protected":false},"author":1,"featured_media":0,"parent":0,"menu_order":0,"comment_status":"closed","ping_status":"closed","template":"","meta":{"footnotes":""},"class_list":["post-43639","page","type-page","status-publish","hentry"],"_links":{"self":[{"href":"https:\/\/medmal.com.tr\/tr\/wp-json\/wp\/v2\/pages\/43639","targetHints":{"allow":["GET"]}}],"collection":[{"href":"https:\/\/medmal.com.tr\/tr\/wp-json\/wp\/v2\/pages"}],"about":[{"href":"https:\/\/medmal.com.tr\/tr\/wp-json\/wp\/v2\/types\/page"}],"author":[{"embeddable":true,"href":"https:\/\/medmal.com.tr\/tr\/wp-json\/wp\/v2\/users\/1"}],"replies":[{"embeddable":true,"href":"https:\/\/medmal.com.tr\/tr\/wp-json\/wp\/v2\/comments?post=43639"}],"version-history":[{"count":4,"href":"https:\/\/medmal.com.tr\/tr\/wp-json\/wp\/v2\/pages\/43639\/revisions"}],"predecessor-version":[{"id":109563,"href":"https:\/\/medmal.com.tr\/tr\/wp-json\/wp\/v2\/pages\/43639\/revisions\/109563"}],"wp:attachment":[{"href":"https:\/\/medmal.com.tr\/tr\/wp-json\/wp\/v2\/media?parent=43639"}],"curies":[{"name":"wp","href":"https:\/\/api.w.org\/{rel}","templated":true}]}}